{"id":2319,"date":"2026-04-30T15:56:16","date_gmt":"2026-04-30T15:56:16","guid":{"rendered":"https:\/\/feldbahn.org\/?page_id=2319"},"modified":"2026-04-30T15:56:16","modified_gmt":"2026-04-30T15:56:16","slug":"kroe211","status":"publish","type":"page","link":"https:\/\/feldbahn.org\/?page_id=2319","title":{"rendered":"Kr\u00f6211"},"content":{"rendered":"\n<h2 class=\"wp-block-heading\" id=\"block-40f83c0b-d173-4504-85a5-407a9ac43aac\">Diesellokomotive<br>Fabrikat Kr\u00f6hnke, Nr. 211, Baujahr 1952<\/h2>\n\n\n\n<figure class=\"wp-block-image size-full is-resized\"><img loading=\"lazy\" decoding=\"async\" width=\"806\" height=\"631\" src=\"https:\/\/feldbahn.org\/wp-content\/uploads\/2026\/04\/Kroe211-Ibb1.jpg\" alt=\"\" class=\"wp-image-1201\" style=\"width:1112px\" srcset=\"https:\/\/feldbahn.org\/wp-content\/uploads\/2026\/04\/Kroe211-Ibb1.jpg 806w, https:\/\/feldbahn.org\/wp-content\/uploads\/2026\/04\/Kroe211-Ibb1-300x235.jpg 300w, https:\/\/feldbahn.org\/wp-content\/uploads\/2026\/04\/Kroe211-Ibb1-768x601.jpg 768w\" sizes=\"auto, (max-width: 806px) 100vw, 806px\" \/><\/figure>\n\n\n\n<figure class=\"wp-block-table is-style-stripes\"><table><tbody><tr><td>Hersteller<\/td><td>Kr\u00f6hnke in Buxtehude<\/td><td>Motorhersteller<\/td><td>Deutz <\/td><\/tr><tr><td>Fabriknummer<\/td><td>211<\/td><td>Motortyp<\/td><td>MAH711 1-Zyl.-4-Takt<\/td><\/tr><tr><td>Baujahr<\/td><td>1952<\/td><td>Leistung<\/td><td>5 PS<\/td><\/tr><tr><td>Bautype<\/td><td>Lorenknecht<\/td><td>Getriebebauart<\/td><td>Mechanisch, 1-Gang<\/td><\/tr><tr><td>Dienstgewicht<\/td><td>680 kg<\/td><td>Kraft\u00fcbertragung<\/td><td>Ketten<\/td><\/tr><tr><td>L\u00e4nge<\/td><td>1.800 mm&nbsp;<\/td><td>Besonderheiten<\/td><td>&nbsp;<\/td><\/tr><tr><td>H\u00f6chstgeschwindigkeit<\/td><td>8 km\/h<\/td><td>&nbsp;<\/td><td>&nbsp;<\/td><\/tr><\/tbody><\/table><\/figure>\n\n\n\n<p>Zu den Kleinstlokomotiven auf Feldbahngleisen geh\u00f6rt dieser &#8222;Lorenknecht&#8220; der Maschinenfabrik Rudolf Kr\u00f6hnke in Buxtehude\/ Elbe. Entwickelt in der Zeit um 1940 besteht die Lok aus einem geschwei\u00dften Rahmen mit 2 Achsen, einem Motor MAH711, einem Getriebe des Herstellers Stromag in Unna und eine beeindruckende Sitzkiste. Lokomotiven \u00e4hnlich einfacher Bauformen wurden auch von Str\u00fcver in Hamburg und der Uetersener Maschinenfabrik &#8222;Hatlapa&#8220; hergestellt und verhalfen besonders in der jungen Nachkriegszeit zahlreichen kleineren Betrieben den \u00dcbergang vom Pferdebetrieb zur Lokomotivf\u00f6rderung.<\/p>\n\n\n\n<p>Unser &#8222;Lorenknecht&#8220; wurde fabrikneu an das Kinderhauser Kalksandsteinwerk B. Danwerth in M\u00fcnster-Kinderhaus geliefert. Nach 1960 geriet das Kalksandsteinwerk in eine Insolvenz und aus dieser heraus erwarb das Kalksandsteinwerk Stegemann in Saerbeck-Westladbergen zwei Lokomotiven vom Kalksandsteinwerk Kinderhaus, u.a. auch diesen Lorenknecht. Umgebaut und in einem erb\u00e4rmlichen Zustand fanden wir 1986 den Lorenknecht vor und konnten ihn f\u00fcr die Sammlung \u00fcbernehmen.<\/p>\n\n\n\n<figure class=\"wp-block-image size-full\"><img loading=\"lazy\" decoding=\"async\" width=\"621\" height=\"407\" src=\"https:\/\/feldbahn.org\/wp-content\/uploads\/2026\/04\/Kroe211-Ibb2.jpg\" alt=\"\" class=\"wp-image-1205\" srcset=\"https:\/\/feldbahn.org\/wp-content\/uploads\/2026\/04\/Kroe211-Ibb2.jpg 621w, https:\/\/feldbahn.org\/wp-content\/uploads\/2026\/04\/Kroe211-Ibb2-300x197.jpg 300w\" sizes=\"auto, (max-width: 621px) 100vw, 621px\" \/><figcaption class=\"wp-element-caption\">Fahrbetrieb auf einer tempor\u00e4ren Feldbahnstrecke am Mariannenschacht in Ibbenb\u00fcren.<\/figcaption><\/figure>\n","protected":false},"excerpt":{"rendered":"<p>DiesellokomotiveFabrikat Kr\u00f6hnke, Nr. 211, Baujahr 1952 Hersteller Kr\u00f6hnke in Buxtehude Motorhersteller Deutz Fabriknummer 211 Motortyp MAH711 1-Zyl.-4-Takt Baujahr 1952 Leistung [&hellip;]<\/p>\n","protected":false},"author":1,"featured_media":0,"parent":0,"menu_order":0,"comment_status":"closed","ping_status":"closed","template":"","meta":{"site-sidebar-layout":"default","site-content-layout":"","ast-site-content-layout":"default","site-content-style":"default","site-sidebar-style":"default","ast-global-header-display":"","ast-banner-title-visibility":"","ast-main-header-display":"","ast-hfb-above-header-display":"","ast-hfb-below-header-display":"","ast-hfb-mobile-header-display":"","site-post-title":"disabled","ast-breadcrumbs-content":"","ast-featured-img":"","footer-sml-layout":"","ast-disable-related-posts":"","theme-transparent-header-meta":"","adv-header-id-meta":"","stick-header-meta":"","header-above-stick-meta":"","header-main-stick-meta":"","header-below-stick-meta":"","astra-migrate-meta-layouts":"default","ast-page-background-enabled":"default","ast-page-background-meta":{"desktop":{"background-color":"var(--ast-global-color-5)","background-image":"","background-repeat":"repeat","background-position":"center center","background-size":"auto","background-attachment":"scroll","background-type":"","background-media":"","overlay-type":"","overlay-color":"","overlay-opacity":"","overlay-gradient":""},"tablet":{"background-color":"","background-image":"","background-repeat":"repeat","background-position":"center center","background-size":"auto","background-attachment":"scroll","background-type":"","background-media":"","overlay-type":"","overlay-color":"","overlay-opacity":"","overlay-gradient":""},"mobile":{"background-color":"","background-image":"","background-repeat":"repeat","background-position":"center center","background-size":"auto","background-attachment":"scroll","background-type":"","background-media":"","overlay-type":"","overlay-color":"","overlay-opacity":"","overlay-gradient":""}},"ast-content-background-meta":{"desktop":{"background-color":"var(--ast-global-color-4)","background-image":"","background-repeat":"repeat","background-position":"center center","background-size":"auto","background-attachment":"scroll","background-type":"","background-media":"","overlay-type":"","overlay-color":"","overlay-opacity":"","overlay-gradient":""},"tablet":{"background-color":"var(--ast-global-color-4)","background-image":"","background-repeat":"repeat","background-position":"center center","background-size":"auto","background-attachment":"scroll","background-type":"","background-media":"","overlay-type":"","overlay-color":"","overlay-opacity":"","overlay-gradient":""},"mobile":{"background-color":"var(--ast-global-color-4)","background-image":"","background-repeat":"repeat","background-position":"center center","background-size":"auto","background-attachment":"scroll","background-type":"","background-media":"","overlay-type":"","overlay-color":"","overlay-opacity":"","overlay-gradient":""}},"footnotes":""},"class_list":["post-2319","page","type-page","status-publish","hentry"],"_links":{"self":[{"href":"https:\/\/feldbahn.org\/index.php?rest_route=\/wp\/v2\/pages\/2319","targetHints":{"allow":["GET"]}}],"collection":[{"href":"https:\/\/feldbahn.org\/index.php?rest_route=\/wp\/v2\/pages"}],"about":[{"href":"https:\/\/feldbahn.org\/index.php?rest_route=\/wp\/v2\/types\/page"}],"author":[{"embeddable":true,"href":"https:\/\/feldbahn.org\/index.php?rest_route=\/wp\/v2\/users\/1"}],"replies":[{"embeddable":true,"href":"https:\/\/feldbahn.org\/index.php?rest_route=%2Fwp%2Fv2%2Fcomments&post=2319"}],"version-history":[{"count":1,"href":"https:\/\/feldbahn.org\/index.php?rest_route=\/wp\/v2\/pages\/2319\/revisions"}],"predecessor-version":[{"id":2320,"href":"https:\/\/feldbahn.org\/index.php?rest_route=\/wp\/v2\/pages\/2319\/revisions\/2320"}],"wp:attachment":[{"href":"https:\/\/feldbahn.org\/index.php?rest_route=%2Fwp%2Fv2%2Fmedia&parent=2319"}],"curies":[{"name":"wp","href":"https:\/\/api.w.org\/{rel}","templated":true}]}}