{"id":2307,"date":"2026-04-30T15:37:36","date_gmt":"2026-04-30T15:37:36","guid":{"rendered":"https:\/\/feldbahn.org\/?page_id=2307"},"modified":"2026-04-30T15:37:36","modified_gmt":"2026-04-30T15:37:36","slug":"dolberg-tw","status":"publish","type":"page","link":"https:\/\/feldbahn.org\/?page_id=2307","title":{"rendered":"Dolberg-TW"},"content":{"rendered":"\n<h2 class=\"wp-block-heading\" id=\"block-b35d92bb-6c97-4ec0-a086-1d4392c99025\">Benzin-Feldbahntriebwagen<br>Fabrikat Dolberg, Baujahr um 1920<\/h2>\n\n\n\n<figure class=\"wp-block-image size-full is-resized\"><img loading=\"lazy\" decoding=\"async\" width=\"1024\" height=\"768\" src=\"https:\/\/feldbahn.org\/wp-content\/uploads\/2026\/04\/DolbergTW-34-1024x768-1.jpg\" alt=\"\" class=\"wp-image-965\" style=\"width:1112px\" srcset=\"https:\/\/feldbahn.org\/wp-content\/uploads\/2026\/04\/DolbergTW-34-1024x768-1.jpg 1024w, https:\/\/feldbahn.org\/wp-content\/uploads\/2026\/04\/DolbergTW-34-1024x768-1-300x225.jpg 300w, https:\/\/feldbahn.org\/wp-content\/uploads\/2026\/04\/DolbergTW-34-1024x768-1-768x576.jpg 768w\" sizes=\"auto, (max-width: 1024px) 100vw, 1024px\" \/><\/figure>\n\n\n\n<figure class=\"wp-block-table is-style-stripes\"><table><tbody><tr><td>Hersteller<\/td><td>Dolberg in Dortmund<\/td><td>Motorhersteller<\/td><td>(Austro-Daimler)<\/td><\/tr><tr><td>Fabriknummer<\/td><td><\/td><td>Motortyp<\/td><td>(MA6)<\/td><\/tr><tr><td>Baujahr<\/td><td>um 1920<\/td><td>Leistung<\/td><td>6 PS<\/td><\/tr><tr><td>Bautyp<\/td><td>Triebwagen<\/td><td>Getriebebauart<\/td><td>Mechanisch<\/td><\/tr><tr><td>Dienstgewicht<\/td><td><\/td><td>Kraft\u00fcbertragung<\/td><td>Ketten<\/td><\/tr><tr><td>L\u00e4nge<\/td><td>&nbsp;<\/td><td>Besonderheiten<\/td><td>&nbsp;<\/td><\/tr><tr><td>H\u00f6chstgeschwindigkeit<\/td><td><\/td><td>&nbsp;<\/td><td>&nbsp;<\/td><\/tr><\/tbody><\/table><\/figure>\n\n\n\n<p>Ein besonderes Schmankerl stellt dieses geschundene Fahrgestell dar und es bedarf ein wenig Fantasie, sich der Konstruktionsgeschichte dieses Fahrzeugs anzun\u00e4hern. Unseren Recherchen nach handelt es sich um das Fahrwerk eines Benzin Triebwagens der Firma Dolberg in Dortmund. Angetrieben wurde dieses um 1920 gebaute Fahrzeug urspr\u00fcnglich von einem Austro-Daimler Motoraggregat. Dieses 2-Zyl.-Benzin-Antriebsaggregat mit 6 PS Leistung und integriertem Wendegetriebe wurde von Ferdinand Porsche f\u00fcr die \u00f6sterreichische k. u. k. Heeresfeldbahn entwickelt und zum Kriegsende hin massenhaft hergestellt. Offensichtlich ergaben sich nach dem 1. Weltkrieg noch gro\u00dfe Lagerbest\u00e4nde, die nun zivilen Zwecken angeboten wurden. Einige Anbieter von Feldbahnmaterial, die sich bislang dem Bau Motorlokomotiven bislang nicht gewidmet hatten, boten nun Eigenkonstruktionen auf der Basis dieses Motoraggregats an. Bekannt sind die die \u00f6sterreichische Austro-Daimler selbst, Aebi in der Schweiz, Schmoschewer in Breslau, Westphalen in Hamburg und Dolberg in Dortmund.. Die Motoren waren eher empfindlich und einem rauen Feldbahnbetrieb nicht wirklich gewachsen. Dementsprechend haben kaum Feldbahnen mit AD-Motoraggregat bis heute \u00fcberlebt. Auch sind keine konkreten Absatzzahlen bekannt.<\/p>\n\n\n\n<p>Unser Exemplar d\u00fcrfe der L\u00e4nge und Rahmenlochung nach urspr\u00fcnglich ein Feldbahn-Triebwagen mit Torfkasten gewesen sein. Im Einsatz stand dieses Fahrzeug nach Angaben des Vorbesitzers bei einem Torfwerk im Gifhorner Moor. Der Triebwagen wurde im Laufe der Zeit seines Motoraggregats beraubt, mit einem Pkw-Getriebe und einer Pkw-Hinterachse sowie einem Motorrahmen versehen, dessen Lochung auf einen Deutz MAH711-Motor hinweist. Das Ganze l\u00e4sst gut auf die Improvisationskunst eines Torfwerk-Schlossers schlie\u00dfen. Wie lange das Fahrzeug in Originalausf\u00fchrung und im Umbauzustand betrieben wurde, ist nicht bekannt. \u00dcbernehmen konnten wir das Fahrgestell 1997 von einem Landmaschinensammler in Hildesheim. Ein Original MA6 von Austro-Daimler konnte 2007 von einem Motorensammler in Linz (\u00d6sterreich) erworben werden. Eine Rekonstruktion des Motor-Triebwagens steht noch aus.<\/p>\n\n\n\n<figure class=\"wp-block-image size-large is-resized\"><img loading=\"lazy\" decoding=\"async\" width=\"1024\" height=\"760\" src=\"https:\/\/feldbahn.org\/wp-content\/uploads\/2026\/04\/Dolberg_TW-1024x760.jpg\" alt=\"\" class=\"wp-image-956\" style=\"width:625px\" srcset=\"https:\/\/feldbahn.org\/wp-content\/uploads\/2026\/04\/Dolberg_TW-1024x760.jpg 1024w, https:\/\/feldbahn.org\/wp-content\/uploads\/2026\/04\/Dolberg_TW-300x223.jpg 300w, https:\/\/feldbahn.org\/wp-content\/uploads\/2026\/04\/Dolberg_TW-768x570.jpg 768w, https:\/\/feldbahn.org\/wp-content\/uploads\/2026\/04\/Dolberg_TW.jpg 1090w\" sizes=\"auto, (max-width: 1024px) 100vw, 1024px\" \/><figcaption class=\"wp-element-caption\">Vermuteter Ursprungszustand unseres Dolberg-Triebwagens. <br>Katalogabbildung aus der Zeit um 1922<\/figcaption><\/figure>\n","protected":false},"excerpt":{"rendered":"<p>Benzin-FeldbahntriebwagenFabrikat Dolberg, Baujahr um 1920 Hersteller Dolberg in Dortmund Motorhersteller (Austro-Daimler) Fabriknummer Motortyp (MA6) Baujahr um 1920 Leistung 6 PS [&hellip;]<\/p>\n","protected":false},"author":1,"featured_media":0,"parent":0,"menu_order":0,"comment_status":"closed","ping_status":"closed","template":"","meta":{"site-sidebar-layout":"default","site-content-layout":"","ast-site-content-layout":"default","site-content-style":"default","site-sidebar-style":"default","ast-global-header-display":"","ast-banner-title-visibility":"","ast-main-header-display":"","ast-hfb-above-header-display":"","ast-hfb-below-header-display":"","ast-hfb-mobile-header-display":"","site-post-title":"disabled","ast-breadcrumbs-content":"","ast-featured-img":"","footer-sml-layout":"","ast-disable-related-posts":"","theme-transparent-header-meta":"","adv-header-id-meta":"","stick-header-meta":"","header-above-stick-meta":"","header-main-stick-meta":"","header-below-stick-meta":"","astra-migrate-meta-layouts":"default","ast-page-background-enabled":"default","ast-page-background-meta":{"desktop":{"background-color":"var(--ast-global-color-5)","background-image":"","background-repeat":"repeat","background-position":"center center","background-size":"auto","background-attachment":"scroll","background-type":"","background-media":"","overlay-type":"","overlay-color":"","overlay-opacity":"","overlay-gradient":""},"tablet":{"background-color":"","background-image":"","background-repeat":"repeat","background-position":"center center","background-size":"auto","background-attachment":"scroll","background-type":"","background-media":"","overlay-type":"","overlay-color":"","overlay-opacity":"","overlay-gradient":""},"mobile":{"background-color":"","background-image":"","background-repeat":"repeat","background-position":"center center","background-size":"auto","background-attachment":"scroll","background-type":"","background-media":"","overlay-type":"","overlay-color":"","overlay-opacity":"","overlay-gradient":""}},"ast-content-background-meta":{"desktop":{"background-color":"var(--ast-global-color-4)","background-image":"","background-repeat":"repeat","background-position":"center center","background-size":"auto","background-attachment":"scroll","background-type":"","background-media":"","overlay-type":"","overlay-color":"","overlay-opacity":"","overlay-gradient":""},"tablet":{"background-color":"var(--ast-global-color-4)","background-image":"","background-repeat":"repeat","background-position":"center center","background-size":"auto","background-attachment":"scroll","background-type":"","background-media":"","overlay-type":"","overlay-color":"","overlay-opacity":"","overlay-gradient":""},"mobile":{"background-color":"var(--ast-global-color-4)","background-image":"","background-repeat":"repeat","background-position":"center center","background-size":"auto","background-attachment":"scroll","background-type":"","background-media":"","overlay-type":"","overlay-color":"","overlay-opacity":"","overlay-gradient":""}},"footnotes":""},"class_list":["post-2307","page","type-page","status-publish","hentry"],"_links":{"self":[{"href":"https:\/\/feldbahn.org\/index.php?rest_route=\/wp\/v2\/pages\/2307","targetHints":{"allow":["GET"]}}],"collection":[{"href":"https:\/\/feldbahn.org\/index.php?rest_route=\/wp\/v2\/pages"}],"about":[{"href":"https:\/\/feldbahn.org\/index.php?rest_route=\/wp\/v2\/types\/page"}],"author":[{"embeddable":true,"href":"https:\/\/feldbahn.org\/index.php?rest_route=\/wp\/v2\/users\/1"}],"replies":[{"embeddable":true,"href":"https:\/\/feldbahn.org\/index.php?rest_route=%2Fwp%2Fv2%2Fcomments&post=2307"}],"version-history":[{"count":1,"href":"https:\/\/feldbahn.org\/index.php?rest_route=\/wp\/v2\/pages\/2307\/revisions"}],"predecessor-version":[{"id":2308,"href":"https:\/\/feldbahn.org\/index.php?rest_route=\/wp\/v2\/pages\/2307\/revisions\/2308"}],"wp:attachment":[{"href":"https:\/\/feldbahn.org\/index.php?rest_route=%2Fwp%2Fv2%2Fmedia&parent=2307"}],"curies":[{"name":"wp","href":"https:\/\/api.w.org\/{rel}","templated":true}]}}