{"id":2288,"date":"2026-04-30T15:11:36","date_gmt":"2026-04-30T15:11:36","guid":{"rendered":"https:\/\/feldbahn.org\/?page_id=2288"},"modified":"2026-04-30T15:17:44","modified_gmt":"2026-04-30T15:17:44","slug":"deutz33166","status":"publish","type":"page","link":"https:\/\/feldbahn.org\/?page_id=2288","title":{"rendered":"Deutz33166"},"content":{"rendered":"\n<h2 class=\"wp-block-heading\" id=\"block-8d5ddc23-66c2-4dd9-94ed-e982a41352bb\">Gruben-Diesellokomotive<br>Fabrikat Deutz, Nr. 33166, Baujahr 1940<\/h2>\n\n\n\n<figure class=\"wp-block-image size-full is-resized\"><img loading=\"lazy\" decoding=\"async\" width=\"1024\" height=\"761\" src=\"https:\/\/feldbahn.org\/wp-content\/uploads\/2026\/04\/2023-07-15_Dtz33166-Essen_34_2-1024x761-1.jpg\" alt=\"\" class=\"wp-image-27\" style=\"width:1071px\" srcset=\"https:\/\/feldbahn.org\/wp-content\/uploads\/2026\/04\/2023-07-15_Dtz33166-Essen_34_2-1024x761-1.jpg 1024w, https:\/\/feldbahn.org\/wp-content\/uploads\/2026\/04\/2023-07-15_Dtz33166-Essen_34_2-1024x761-1-300x223.jpg 300w, https:\/\/feldbahn.org\/wp-content\/uploads\/2026\/04\/2023-07-15_Dtz33166-Essen_34_2-1024x761-1-768x571.jpg 768w\" sizes=\"auto, (max-width: 1024px) 100vw, 1024px\" \/><\/figure>\n\n\n\n<figure class=\"wp-block-table is-style-stripes\"><table><tbody><tr><td>Hersteller<\/td><td>Deutz in K\u00f6ln<\/td><td>Motorhersteller<\/td><td>Deutz<\/td><\/tr><tr><td>Fabriknummer<\/td><td>33166<\/td><td>Motortyp<\/td><td>A6M517 6-Zyl.-4-Takt<\/td><\/tr><tr><td>Baujahr<\/td><td>1940<\/td><td>Leistung<\/td><td>75 PS <\/td><\/tr><tr><td>Bautyp<\/td><td>A6M517<\/td><td>Getriebebauart<\/td><td>Mechanisch, 4-Gang<\/td><\/tr><tr><td>Dienstgewicht<\/td><td>10.000 kg<\/td><td>Kraft\u00fcbertragung<\/td><td>Kuppelstangen<\/td><\/tr><tr><td>L\u00e4nge<\/td><td>4.910 mm<\/td><td>Besonderheiten<\/td><td>&nbsp;<\/td><\/tr><tr><td>H\u00f6chstgeschwindigkeit<\/td><td>14 km\/h<\/td><td>&nbsp;<\/td><td>&nbsp;<\/td><\/tr><\/tbody><\/table><\/figure>\n\n\n\n<p>Das obere Leistungsspektrum der Gruben-Diesellokomotiven reklamierte lange Zeit die Deutz-Type A6M517 f\u00fcr sich. In dieser Form mit Schaltgetriebe, Blindwelle und Kuppelstangen wurden zahlreiche Lokomotiven von Anfang der 1930er Jahre bis Anfang der 1950er Jahre gebaut. Unsere Deutz 33166 wurde neu f\u00fcr die Zeche Westerholt der Bergwerks-AG Recklinghausen gebaut. Dort wurden die von Abbau- und Zubringerlokomotiven zusammengestellten Z\u00fcge mit Kohle oder auch Abraummaterial mit dieser Lokomotive \u00fcber l\u00e4ngere Strecken zum F\u00f6rderkorb gefahren. Sp\u00e4ter wurde die Lokomotive auf der Zeche Holland in Bochum-Wattenscheid eingesetzt, bevor sie in den 1980er-Jahren nach Einstellung des Bergwerkes an Privat abgegeben wurde, der zahlreiches Grubenbahnmaterial auf der Zeche Bonifacius in Essen-Kray gesammelt hatte. 1993 \u00fcbernahm das MFM diese Grubenlokomotive.<\/p>\n\n\n\n<figure class=\"wp-block-image size-full\"><img loading=\"lazy\" decoding=\"async\" width=\"1024\" height=\"815\" src=\"https:\/\/feldbahn.org\/wp-content\/uploads\/2026\/04\/2023-07-15_Dtz33166-Essen_34__5-1024x815-1.jpg\" alt=\"\" class=\"wp-image-35\" srcset=\"https:\/\/feldbahn.org\/wp-content\/uploads\/2026\/04\/2023-07-15_Dtz33166-Essen_34__5-1024x815-1.jpg 1024w, https:\/\/feldbahn.org\/wp-content\/uploads\/2026\/04\/2023-07-15_Dtz33166-Essen_34__5-1024x815-1-300x239.jpg 300w, https:\/\/feldbahn.org\/wp-content\/uploads\/2026\/04\/2023-07-15_Dtz33166-Essen_34__5-1024x815-1-768x611.jpg 768w\" sizes=\"auto, (max-width: 1024px) 100vw, 1024px\" \/><\/figure>\n","protected":false},"excerpt":{"rendered":"<p>Gruben-DiesellokomotiveFabrikat Deutz, Nr. 33166, Baujahr 1940 Hersteller Deutz in K\u00f6ln Motorhersteller Deutz Fabriknummer 33166 Motortyp A6M517 6-Zyl.-4-Takt Baujahr 1940 Leistung [&hellip;]<\/p>\n","protected":false},"author":1,"featured_media":0,"parent":0,"menu_order":0,"comment_status":"closed","ping_status":"closed","template":"","meta":{"site-sidebar-layout":"default","site-content-layout":"","ast-site-content-layout":"default","site-content-style":"default","site-sidebar-style":"default","ast-global-header-display":"","ast-banner-title-visibility":"","ast-main-header-display":"","ast-hfb-above-header-display":"","ast-hfb-below-header-display":"","ast-hfb-mobile-header-display":"","site-post-title":"disabled","ast-breadcrumbs-content":"","ast-featured-img":"","footer-sml-layout":"","ast-disable-related-posts":"","theme-transparent-header-meta":"","adv-header-id-meta":"","stick-header-meta":"","header-above-stick-meta":"","header-main-stick-meta":"","header-below-stick-meta":"","astra-migrate-meta-layouts":"default","ast-page-background-enabled":"default","ast-page-background-meta":{"desktop":{"background-color":"var(--ast-global-color-5)","background-image":"","background-repeat":"repeat","background-position":"center center","background-size":"auto","background-attachment":"scroll","background-type":"","background-media":"","overlay-type":"","overlay-color":"","overlay-opacity":"","overlay-gradient":""},"tablet":{"background-color":"","background-image":"","background-repeat":"repeat","background-position":"center center","background-size":"auto","background-attachment":"scroll","background-type":"","background-media":"","overlay-type":"","overlay-color":"","overlay-opacity":"","overlay-gradient":""},"mobile":{"background-color":"","background-image":"","background-repeat":"repeat","background-position":"center center","background-size":"auto","background-attachment":"scroll","background-type":"","background-media":"","overlay-type":"","overlay-color":"","overlay-opacity":"","overlay-gradient":""}},"ast-content-background-meta":{"desktop":{"background-color":"var(--ast-global-color-4)","background-image":"","background-repeat":"repeat","background-position":"center center","background-size":"auto","background-attachment":"scroll","background-type":"","background-media":"","overlay-type":"","overlay-color":"","overlay-opacity":"","overlay-gradient":""},"tablet":{"background-color":"var(--ast-global-color-4)","background-image":"","background-repeat":"repeat","background-position":"center center","background-size":"auto","background-attachment":"scroll","background-type":"","background-media":"","overlay-type":"","overlay-color":"","overlay-opacity":"","overlay-gradient":""},"mobile":{"background-color":"var(--ast-global-color-4)","background-image":"","background-repeat":"repeat","background-position":"center center","background-size":"auto","background-attachment":"scroll","background-type":"","background-media":"","overlay-type":"","overlay-color":"","overlay-opacity":"","overlay-gradient":""}},"footnotes":""},"class_list":["post-2288","page","type-page","status-publish","hentry"],"_links":{"self":[{"href":"https:\/\/feldbahn.org\/index.php?rest_route=\/wp\/v2\/pages\/2288","targetHints":{"allow":["GET"]}}],"collection":[{"href":"https:\/\/feldbahn.org\/index.php?rest_route=\/wp\/v2\/pages"}],"about":[{"href":"https:\/\/feldbahn.org\/index.php?rest_route=\/wp\/v2\/types\/page"}],"author":[{"embeddable":true,"href":"https:\/\/feldbahn.org\/index.php?rest_route=\/wp\/v2\/users\/1"}],"replies":[{"embeddable":true,"href":"https:\/\/feldbahn.org\/index.php?rest_route=%2Fwp%2Fv2%2Fcomments&post=2288"}],"version-history":[{"count":2,"href":"https:\/\/feldbahn.org\/index.php?rest_route=\/wp\/v2\/pages\/2288\/revisions"}],"predecessor-version":[{"id":2294,"href":"https:\/\/feldbahn.org\/index.php?rest_route=\/wp\/v2\/pages\/2288\/revisions\/2294"}],"wp:attachment":[{"href":"https:\/\/feldbahn.org\/index.php?rest_route=%2Fwp%2Fv2%2Fmedia&parent=2288"}],"curies":[{"name":"wp","href":"https:\/\/api.w.org\/{rel}","templated":true}]}}