{"id":2226,"date":"2026-04-30T12:30:47","date_gmt":"2026-04-30T12:30:47","guid":{"rendered":"https:\/\/feldbahn.org\/?page_id=2226"},"modified":"2026-04-30T12:30:47","modified_gmt":"2026-04-30T12:30:47","slug":"schienenfahrrad_hamm","status":"publish","type":"page","link":"https:\/\/feldbahn.org\/?page_id=2226","title":{"rendered":"Schienenfahrrad_Hamm"},"content":{"rendered":"\n<h2 class=\"wp-block-heading\" id=\"block-551921cb-a227-4831-8ba7-4f76b640ce09\">Schienenfahrrad &#8222;Grubenflitzer&#8220;<\/h2>\n\n\n\n<figure class=\"wp-block-image size-full\"><img loading=\"lazy\" decoding=\"async\" width=\"1024\" height=\"665\" src=\"https:\/\/feldbahn.org\/wp-content\/uploads\/2026\/04\/Schienenfahrrad-Scharf-Hamm-3.jpg-1024x665-1.jpg\" alt=\"\" class=\"wp-image-1884\" srcset=\"https:\/\/feldbahn.org\/wp-content\/uploads\/2026\/04\/Schienenfahrrad-Scharf-Hamm-3.jpg-1024x665-1.jpg 1024w, https:\/\/feldbahn.org\/wp-content\/uploads\/2026\/04\/Schienenfahrrad-Scharf-Hamm-3.jpg-1024x665-1-300x195.jpg 300w, https:\/\/feldbahn.org\/wp-content\/uploads\/2026\/04\/Schienenfahrrad-Scharf-Hamm-3.jpg-1024x665-1-768x499.jpg 768w\" sizes=\"auto, (max-width: 1024px) 100vw, 1024px\" \/><\/figure>\n\n\n\n<p>Schienenfahrr\u00e4der f\u00fcr den Bergbau wurden in gro\u00dfer Zahl u.a. von der Maschinenfabrik Scharf in Hamm gebaut und bis 1995 in den untert\u00e4gigen Anlagen des Ruhrkohlenbergbaus und des Ibbenb\u00fcrener Reviers f\u00fcr Inspektions- und Reparaturfahrten eingesetzt. Bei Gegenverkehr musste der Radfahrer sein Schienenfahrrad aus den Gleisen heben und neben der Schienenstrecke abstellen, bis der Zug die Gleisstelle passiert hat. Unser Schienenfahrrad vom Typ &#8222;Grubenflitzer&#8220; stammt aus der Zeit um 1980 und ist als Besonderheit als Zweisitzer ausgef\u00fchrt.<\/p>\n\n\n\n<figure class=\"wp-block-image size-full\"><img loading=\"lazy\" decoding=\"async\" width=\"726\" height=\"1024\" src=\"https:\/\/feldbahn.org\/wp-content\/uploads\/2026\/04\/Grubenflitzer-726x1024-1.jpg\" alt=\"\" class=\"wp-image-241\" srcset=\"https:\/\/feldbahn.org\/wp-content\/uploads\/2026\/04\/Grubenflitzer-726x1024-1.jpg 726w, https:\/\/feldbahn.org\/wp-content\/uploads\/2026\/04\/Grubenflitzer-726x1024-1-213x300.jpg 213w\" sizes=\"auto, (max-width: 726px) 100vw, 726px\" \/><\/figure>\n","protected":false},"excerpt":{"rendered":"<p>Schienenfahrrad &#8222;Grubenflitzer&#8220; Schienenfahrr\u00e4der f\u00fcr den Bergbau wurden in gro\u00dfer Zahl u.a. von der Maschinenfabrik Scharf in Hamm gebaut und bis [&hellip;]<\/p>\n","protected":false},"author":1,"featured_media":0,"parent":0,"menu_order":0,"comment_status":"closed","ping_status":"closed","template":"","meta":{"site-sidebar-layout":"default","site-content-layout":"","ast-site-content-layout":"default","site-content-style":"default","site-sidebar-style":"default","ast-global-header-display":"","ast-banner-title-visibility":"","ast-main-header-display":"","ast-hfb-above-header-display":"","ast-hfb-below-header-display":"","ast-hfb-mobile-header-display":"","site-post-title":"disabled","ast-breadcrumbs-content":"","ast-featured-img":"","footer-sml-layout":"","ast-disable-related-posts":"","theme-transparent-header-meta":"","adv-header-id-meta":"","stick-header-meta":"","header-above-stick-meta":"","header-main-stick-meta":"","header-below-stick-meta":"","astra-migrate-meta-layouts":"default","ast-page-background-enabled":"default","ast-page-background-meta":{"desktop":{"background-color":"var(--ast-global-color-5)","background-image":"","background-repeat":"repeat","background-position":"center center","background-size":"auto","background-attachment":"scroll","background-type":"","background-media":"","overlay-type":"","overlay-color":"","overlay-opacity":"","overlay-gradient":""},"tablet":{"background-color":"","background-image":"","background-repeat":"repeat","background-position":"center center","background-size":"auto","background-attachment":"scroll","background-type":"","background-media":"","overlay-type":"","overlay-color":"","overlay-opacity":"","overlay-gradient":""},"mobile":{"background-color":"","background-image":"","background-repeat":"repeat","background-position":"center center","background-size":"auto","background-attachment":"scroll","background-type":"","background-media":"","overlay-type":"","overlay-color":"","overlay-opacity":"","overlay-gradient":""}},"ast-content-background-meta":{"desktop":{"background-color":"var(--ast-global-color-4)","background-image":"","background-repeat":"repeat","background-position":"center center","background-size":"auto","background-attachment":"scroll","background-type":"","background-media":"","overlay-type":"","overlay-color":"","overlay-opacity":"","overlay-gradient":""},"tablet":{"background-color":"var(--ast-global-color-4)","background-image":"","background-repeat":"repeat","background-position":"center center","background-size":"auto","background-attachment":"scroll","background-type":"","background-media":"","overlay-type":"","overlay-color":"","overlay-opacity":"","overlay-gradient":""},"mobile":{"background-color":"var(--ast-global-color-4)","background-image":"","background-repeat":"repeat","background-position":"center center","background-size":"auto","background-attachment":"scroll","background-type":"","background-media":"","overlay-type":"","overlay-color":"","overlay-opacity":"","overlay-gradient":""}},"footnotes":""},"class_list":["post-2226","page","type-page","status-publish","hentry"],"_links":{"self":[{"href":"https:\/\/feldbahn.org\/index.php?rest_route=\/wp\/v2\/pages\/2226","targetHints":{"allow":["GET"]}}],"collection":[{"href":"https:\/\/feldbahn.org\/index.php?rest_route=\/wp\/v2\/pages"}],"about":[{"href":"https:\/\/feldbahn.org\/index.php?rest_route=\/wp\/v2\/types\/page"}],"author":[{"embeddable":true,"href":"https:\/\/feldbahn.org\/index.php?rest_route=\/wp\/v2\/users\/1"}],"replies":[{"embeddable":true,"href":"https:\/\/feldbahn.org\/index.php?rest_route=%2Fwp%2Fv2%2Fcomments&post=2226"}],"version-history":[{"count":1,"href":"https:\/\/feldbahn.org\/index.php?rest_route=\/wp\/v2\/pages\/2226\/revisions"}],"predecessor-version":[{"id":2227,"href":"https:\/\/feldbahn.org\/index.php?rest_route=\/wp\/v2\/pages\/2226\/revisions\/2227"}],"wp:attachment":[{"href":"https:\/\/feldbahn.org\/index.php?rest_route=%2Fwp%2Fv2%2Fmedia&parent=2226"}],"curies":[{"name":"wp","href":"https:\/\/api.w.org\/{rel}","templated":true}]}}