{"id":2220,"date":"2026-04-30T11:56:27","date_gmt":"2026-04-30T11:56:27","guid":{"rendered":"https:\/\/feldbahn.org\/?page_id=2220"},"modified":"2026-04-30T11:56:27","modified_gmt":"2026-04-30T11:56:27","slug":"esel","status":"publish","type":"page","link":"https:\/\/feldbahn.org\/?page_id=2220","title":{"rendered":"Esel"},"content":{"rendered":"\n<h2 class=\"wp-block-heading\" id=\"block-ea036763-ecfc-44d5-a966-c7339d7f7143\">Pferdef\u00f6rderung auf Feldbahnen und Grubenbahnen<\/h2>\n\n\n\n<figure class=\"wp-block-image size-large\"><img loading=\"lazy\" decoding=\"async\" width=\"1024\" height=\"785\" src=\"https:\/\/feldbahn.org\/wp-content\/uploads\/2026\/04\/Esel_g_Ausschnittl-1024x785.jpg\" alt=\"\" class=\"wp-image-209\" srcset=\"https:\/\/feldbahn.org\/wp-content\/uploads\/2026\/04\/Esel_g_Ausschnittl-1024x785.jpg 1024w, https:\/\/feldbahn.org\/wp-content\/uploads\/2026\/04\/Esel_g_Ausschnittl-300x230.jpg 300w, https:\/\/feldbahn.org\/wp-content\/uploads\/2026\/04\/Esel_g_Ausschnittl-768x589.jpg 768w, https:\/\/feldbahn.org\/wp-content\/uploads\/2026\/04\/Esel_g_Ausschnittl.jpg 1133w\" sizes=\"auto, (max-width: 1024px) 100vw, 1024px\" \/><\/figure>\n\n\n\n<p>Mit dem Auftreten der ersten Feldbahnen in der Landwirtschaft um 1870 war das Pferd das nat\u00fcrliche Zugmittel f\u00fcr die Landwirtschaftswagen. Pferde waren ohnehin als Arbeitstiere auf dem Hof und konnten auch f\u00fcr das Ziehen der Feldbahnz\u00fcge eingesetzt werden. Zudem reichte \u201e1 PS\u201c durchweg aus, um 3 beladene R\u00fcben- oder Kartoffelwagen zu ziehen.<\/p>\n\n\n\n<p>Auch in der Steine- und Erdenindustrie, z.B. in Ziegeleien und Steinbr\u00fcchen, wurden im 19. Jahrhundert Pferde als Zugtiere auf Feldbahnen eingesetzt. Erst Anfang des zwanzigsten Jahrhunderts standen den Betrieben zuverl\u00e4ssige und preiswerte Dampf- und Motorlokomotiven zur Verf\u00fcgung. Gleicherma\u00dfen erh\u00f6hten sich mit zunehmender Industrialisierung der Betriebe die Leistungsanspr\u00fcche, so dass ein Pferd bald nicht mehr ausreichte. So wurde das Pferd auf den Feldbahnen langsam von Lokomotiven abgel\u00f6st, so wie auch in der Landwirtschaft das Pferd vom Traktor ersetzt wurde.<\/p>\n\n\n\n<p>Mehr als 100 Jahre wurden Pferde auch im Steinkohlebergbau des Ruhrgebiet und des Ibbenb\u00fcrener Reviers eingesetzt. Erstmals zum Einsatz kamen sie um 1850. Sie transportierten Kohlen, Berge sowie s\u00e4mtliche Materialien, die unter Tage ben\u00f6tigt wurden. Je nach Stockma\u00df und K\u00f6rperbau zog ein Pferd bis zu 10 Wagen. Besonders beliebt waren Isl\u00e4nder und Shetlandponys, denn sie waren trittsicher, klein, kr\u00e4ftig und besa\u00dfen ein f\u00fcgsames Gem\u00fct. Au\u00dferhalb ihres Einsatzes wurden f\u00fcr die Pferde schachnah am F\u00fcllort untertage St\u00e4lle eingerichtet, wo die Pferde f\u00fcrsorglich von Bergleuten mit Einstreu, Wasser und Heu versorgt wurden. So manche Kameradschaft zwischen Menschen und Tier wurde gepflegt; so manches Butterbrot geteilt. <br><br>Ab 1900 l\u00f6sten erste Lokomotiven die Grubenpferde in der untert\u00e4tigen F\u00f6rderung ab.  Zur Bl\u00fctezeit des Einsatzes von Grubenpferden waren allein im Ruhrgebiet mehr als 8.000 Pferde im Einsatz; noch 1956 wurden etwa 400 Grubenpferde im Ruhrbergbau eingesetzt. In Deutschland verlie\u00df am 22. Juni 1966 das letzte deutsche Grubenpferd namens Tobias die Recklinghauser Zeche General Blumenthal. Auf einigen kleineren Gruben Deutschlands kamen Grubenpferde im Tagesf\u00f6rderbetrieb noch bis Anfang der 1970er Jahre zum Einsatz.<br><br>\u201eUnser\u201c Esel stand als bunter Werbetr\u00e4ger in der Stadt Wesel und kam 2007 zu uns. Nach artgerechter Umlackierung dokumentiert dieser das \u00e4lteste Zugmittel auf Feldbahnschienen und hat als pflegeleichtes Zugtier eines F\u00f6rderwagens sein Gnadenbrot bei uns gefunden.  &nbsp;<\/p>\n\n\n\n<p>(Quelle: Steinkohle, Heft 05\/2011)<\/p>\n","protected":false},"excerpt":{"rendered":"<p>Pferdef\u00f6rderung auf Feldbahnen und Grubenbahnen Mit dem Auftreten der ersten Feldbahnen in der Landwirtschaft um 1870 war das Pferd das [&hellip;]<\/p>\n","protected":false},"author":1,"featured_media":0,"parent":0,"menu_order":0,"comment_status":"closed","ping_status":"closed","template":"","meta":{"site-sidebar-layout":"default","site-content-layout":"","ast-site-content-layout":"default","site-content-style":"default","site-sidebar-style":"default","ast-global-header-display":"","ast-banner-title-visibility":"","ast-main-header-display":"","ast-hfb-above-header-display":"","ast-hfb-below-header-display":"","ast-hfb-mobile-header-display":"","site-post-title":"disabled","ast-breadcrumbs-content":"","ast-featured-img":"","footer-sml-layout":"","ast-disable-related-posts":"","theme-transparent-header-meta":"","adv-header-id-meta":"","stick-header-meta":"","header-above-stick-meta":"","header-main-stick-meta":"","header-below-stick-meta":"","astra-migrate-meta-layouts":"default","ast-page-background-enabled":"default","ast-page-background-meta":{"desktop":{"background-color":"var(--ast-global-color-5)","background-image":"","background-repeat":"repeat","background-position":"center center","background-size":"auto","background-attachment":"scroll","background-type":"","background-media":"","overlay-type":"","overlay-color":"","overlay-opacity":"","overlay-gradient":""},"tablet":{"background-color":"","background-image":"","background-repeat":"repeat","background-position":"center center","background-size":"auto","background-attachment":"scroll","background-type":"","background-media":"","overlay-type":"","overlay-color":"","overlay-opacity":"","overlay-gradient":""},"mobile":{"background-color":"","background-image":"","background-repeat":"repeat","background-position":"center center","background-size":"auto","background-attachment":"scroll","background-type":"","background-media":"","overlay-type":"","overlay-color":"","overlay-opacity":"","overlay-gradient":""}},"ast-content-background-meta":{"desktop":{"background-color":"var(--ast-global-color-4)","background-image":"","background-repeat":"repeat","background-position":"center center","background-size":"auto","background-attachment":"scroll","background-type":"","background-media":"","overlay-type":"","overlay-color":"","overlay-opacity":"","overlay-gradient":""},"tablet":{"background-color":"var(--ast-global-color-4)","background-image":"","background-repeat":"repeat","background-position":"center center","background-size":"auto","background-attachment":"scroll","background-type":"","background-media":"","overlay-type":"","overlay-color":"","overlay-opacity":"","overlay-gradient":""},"mobile":{"background-color":"var(--ast-global-color-4)","background-image":"","background-repeat":"repeat","background-position":"center center","background-size":"auto","background-attachment":"scroll","background-type":"","background-media":"","overlay-type":"","overlay-color":"","overlay-opacity":"","overlay-gradient":""}},"footnotes":""},"class_list":["post-2220","page","type-page","status-publish","hentry"],"_links":{"self":[{"href":"https:\/\/feldbahn.org\/index.php?rest_route=\/wp\/v2\/pages\/2220","targetHints":{"allow":["GET"]}}],"collection":[{"href":"https:\/\/feldbahn.org\/index.php?rest_route=\/wp\/v2\/pages"}],"about":[{"href":"https:\/\/feldbahn.org\/index.php?rest_route=\/wp\/v2\/types\/page"}],"author":[{"embeddable":true,"href":"https:\/\/feldbahn.org\/index.php?rest_route=\/wp\/v2\/users\/1"}],"replies":[{"embeddable":true,"href":"https:\/\/feldbahn.org\/index.php?rest_route=%2Fwp%2Fv2%2Fcomments&post=2220"}],"version-history":[{"count":1,"href":"https:\/\/feldbahn.org\/index.php?rest_route=\/wp\/v2\/pages\/2220\/revisions"}],"predecessor-version":[{"id":2221,"href":"https:\/\/feldbahn.org\/index.php?rest_route=\/wp\/v2\/pages\/2220\/revisions\/2221"}],"wp:attachment":[{"href":"https:\/\/feldbahn.org\/index.php?rest_route=%2Fwp%2Fv2%2Fmedia&parent=2220"}],"curies":[{"name":"wp","href":"https:\/\/api.w.org\/{rel}","templated":true}]}}