{"id":2123,"date":"2026-04-29T14:12:09","date_gmt":"2026-04-29T14:12:09","guid":{"rendered":"https:\/\/feldbahn.org\/?page_id=2123"},"modified":"2026-04-30T11:29:16","modified_gmt":"2026-04-30T11:29:16","slug":"die-exponate","status":"publish","type":"page","link":"https:\/\/feldbahn.org\/?page_id=2123","title":{"rendered":"Die Exponate"},"content":{"rendered":"\n<h2 class=\"wp-block-heading\">Die Exponate<\/h2>\n\n\n\n<p>Die Sammlung des M\u00fcnsterl\u00e4ndischen Feldbahnmuseum erz\u00e4hlt die Geschichte der Feld- und Grubenbahnen des M\u00fcnsterlandes \u2013 und ein St\u00fcck weit dar\u00fcber hinaus. Sie pr\u00e4sentiert Technikgeschichte, das industrielle Erbe, heimatgeschichtliche und geologische Zusammenh\u00e4nge und auch die eine oder andere bemerkenswerte Innovation.<\/p>\n\n\n\n<p>Bis heute konnten 40 Lokomotiven mit Dampf-, Diesel-, Benzol-, Elektro- und Pressluftantrieb und um die 80 verschiedene Feld- und Grubenbahnwagen f\u00fcr die Nachwelt gesichert werden. Zusammen mit den Gleisanlagen, vielen Ausstattungsgegenst\u00e4nden und weiteren Exponaten und Kuriosit\u00e4ten der Feldbahngeschichte kann das MFM einen interessanten Querschnitt durch die letzten hundert Jahre des Transportmittels Feldbahnen pr\u00e4sentieren.<\/p>\n\n\n\n<p>Hier finden Sie einen \u00dcberblick \u00fcber die Vielfalt der Exponate des M\u00fcnsterl\u00e4ndischen Feldbahnmuseum e.V.:<\/p>\n\n\n\n<ul class=\"wp-block-list\">\n<li class=\"has-vivid-red-color has-text-color has-link-color wp-elements-15671234ca239d73fc96b0864dc0f255\">Von der Muskelkraft zur Lokomotive (in \u00dcberarbeitung !)<\/li>\n\n\n\n<li><a href=\"https:\/\/feldbahn.org\/?page_id=2135\" data-type=\"page\" data-id=\"2135\">Wagenz\u00fcge<\/a><\/li>\n\n\n\n<li><a href=\"https:\/\/feldbahn.org\/?page_id=2119\" data-type=\"page\" data-id=\"2119\">Gleise<\/a><\/li>\n\n\n\n<li><a href=\"https:\/\/feldbahn.org\/?page_id=2113\" data-type=\"page\" data-id=\"2113\">Weitere Exponate<\/a><\/li>\n<\/ul>\n\n\n\n<figure class=\"wp-block-image size-full\"><img loading=\"lazy\" decoding=\"async\" width=\"1024\" height=\"768\" src=\"https:\/\/feldbahn.org\/wp-content\/uploads\/2026\/04\/09_Fahrzeughalle1-1024x768-1.jpg\" alt=\"\" class=\"wp-image-681\" srcset=\"https:\/\/feldbahn.org\/wp-content\/uploads\/2026\/04\/09_Fahrzeughalle1-1024x768-1.jpg 1024w, https:\/\/feldbahn.org\/wp-content\/uploads\/2026\/04\/09_Fahrzeughalle1-1024x768-1-300x225.jpg 300w, https:\/\/feldbahn.org\/wp-content\/uploads\/2026\/04\/09_Fahrzeughalle1-1024x768-1-768x576.jpg 768w\" sizes=\"auto, (max-width: 1024px) 100vw, 1024px\" \/><figcaption class=\"wp-element-caption\">Blick in die Fahrzeughalle<\/figcaption><\/figure>\n","protected":false},"excerpt":{"rendered":"<p>Die Exponate Die Sammlung des M\u00fcnsterl\u00e4ndischen Feldbahnmuseum erz\u00e4hlt die Geschichte der Feld- und Grubenbahnen des M\u00fcnsterlandes \u2013 und ein St\u00fcck [&hellip;]<\/p>\n","protected":false},"author":1,"featured_media":0,"parent":0,"menu_order":0,"comment_status":"closed","ping_status":"closed","template":"","meta":{"site-sidebar-layout":"default","site-content-layout":"","ast-site-content-layout":"default","site-content-style":"default","site-sidebar-style":"default","ast-global-header-display":"","ast-banner-title-visibility":"","ast-main-header-display":"","ast-hfb-above-header-display":"","ast-hfb-below-header-display":"","ast-hfb-mobile-header-display":"","site-post-title":"disabled","ast-breadcrumbs-content":"","ast-featured-img":"","footer-sml-layout":"","ast-disable-related-posts":"","theme-transparent-header-meta":"","adv-header-id-meta":"","stick-header-meta":"","header-above-stick-meta":"","header-main-stick-meta":"","header-below-stick-meta":"","astra-migrate-meta-layouts":"default","ast-page-background-enabled":"default","ast-page-background-meta":{"desktop":{"background-color":"var(--ast-global-color-5)","background-image":"","background-repeat":"repeat","background-position":"center center","background-size":"auto","background-attachment":"scroll","background-type":"","background-media":"","overlay-type":"","overlay-color":"","overlay-opacity":"","overlay-gradient":""},"tablet":{"background-color":"","background-image":"","background-repeat":"repeat","background-position":"center center","background-size":"auto","background-attachment":"scroll","background-type":"","background-media":"","overlay-type":"","overlay-color":"","overlay-opacity":"","overlay-gradient":""},"mobile":{"background-color":"","background-image":"","background-repeat":"repeat","background-position":"center center","background-size":"auto","background-attachment":"scroll","background-type":"","background-media":"","overlay-type":"","overlay-color":"","overlay-opacity":"","overlay-gradient":""}},"ast-content-background-meta":{"desktop":{"background-color":"var(--ast-global-color-4)","background-image":"","background-repeat":"repeat","background-position":"center center","background-size":"auto","background-attachment":"scroll","background-type":"","background-media":"","overlay-type":"","overlay-color":"","overlay-opacity":"","overlay-gradient":""},"tablet":{"background-color":"var(--ast-global-color-4)","background-image":"","background-repeat":"repeat","background-position":"center center","background-size":"auto","background-attachment":"scroll","background-type":"","background-media":"","overlay-type":"","overlay-color":"","overlay-opacity":"","overlay-gradient":""},"mobile":{"background-color":"var(--ast-global-color-4)","background-image":"","background-repeat":"repeat","background-position":"center center","background-size":"auto","background-attachment":"scroll","background-type":"","background-media":"","overlay-type":"","overlay-color":"","overlay-opacity":"","overlay-gradient":""}},"footnotes":""},"class_list":["post-2123","page","type-page","status-publish","hentry"],"_links":{"self":[{"href":"https:\/\/feldbahn.org\/index.php?rest_route=\/wp\/v2\/pages\/2123","targetHints":{"allow":["GET"]}}],"collection":[{"href":"https:\/\/feldbahn.org\/index.php?rest_route=\/wp\/v2\/pages"}],"about":[{"href":"https:\/\/feldbahn.org\/index.php?rest_route=\/wp\/v2\/types\/page"}],"author":[{"embeddable":true,"href":"https:\/\/feldbahn.org\/index.php?rest_route=\/wp\/v2\/users\/1"}],"replies":[{"embeddable":true,"href":"https:\/\/feldbahn.org\/index.php?rest_route=%2Fwp%2Fv2%2Fcomments&post=2123"}],"version-history":[{"count":7,"href":"https:\/\/feldbahn.org\/index.php?rest_route=\/wp\/v2\/pages\/2123\/revisions"}],"predecessor-version":[{"id":2211,"href":"https:\/\/feldbahn.org\/index.php?rest_route=\/wp\/v2\/pages\/2123\/revisions\/2211"}],"wp:attachment":[{"href":"https:\/\/feldbahn.org\/index.php?rest_route=%2Fwp%2Fv2%2Fmedia&parent=2123"}],"curies":[{"name":"wp","href":"https:\/\/api.w.org\/{rel}","templated":true}]}}