{"id":2113,"date":"2026-04-29T13:59:06","date_gmt":"2026-04-29T13:59:06","guid":{"rendered":"https:\/\/feldbahn.org\/?page_id=2113"},"modified":"2026-04-29T14:05:43","modified_gmt":"2026-04-29T14:05:43","slug":"weitere-exponate","status":"publish","type":"page","link":"https:\/\/feldbahn.org\/?page_id=2113","title":{"rendered":"Weitere Exponate"},"content":{"rendered":"\n<h2 class=\"wp-block-heading\" id=\"block-e5decf9c-7847-4b23-a0f9-0defe60ad912\">Weitere Exponate<\/h2>\n\n\n\n<figure class=\"wp-block-table\"><table><thead><tr><th>Bild<\/th><th>Typ<\/th><th>Baujahr<\/th><th>Hersteller<\/th><th>Einsatzgeschichte<\/th><\/tr><\/thead><tbody><tr><td><a href=\"https:\/\/feldbahn.org\/wp-content\/uploads\/2026\/04\/Loksch-Neustadt1-300x192-1.jpg\" data-type=\"attachment\" data-id=\"354\"><img loading=\"lazy\" decoding=\"async\" width=\"150\" height=\"96\" class=\"wp-image-354\" style=\"width: 150px;\" src=\"https:\/\/feldbahn.org\/wp-content\/uploads\/2026\/04\/Loksch-Neustadt1-300x192-1.jpg\" alt=\"\"><\/a><\/td><td>Lokschuppen<\/td><td>1919<\/td><td><\/td><td>1919 beim Torfwerk Dyckerhoff in Neustadt a. R\u00fcbenberge errichtet; 1995 an MFM<\/td><\/tr><tr><td><img decoding=\"async\" class=\"wp-image-4264\" style=\"width: 150px;\" src=\"http:\/\/127.0.0.1\/wp-content\/uploads\/2025\/07\/2025-07-04-12-17-01-1.jpg\" alt=\"\"><a href=\"https:\/\/feldbahn.org\/wp-content\/uploads\/2026\/04\/2025-07-04-12-17-01-300x238-1.jpg\" data-type=\"attachment\" data-id=\"1692\"><img loading=\"lazy\" decoding=\"async\" width=\"150\" height=\"119\" class=\"wp-image-1692\" style=\"width: 150px;\" src=\"https:\/\/feldbahn.org\/wp-content\/uploads\/2026\/04\/2025-07-04-12-17-01-300x238-1.jpg\" alt=\"\"><\/a><\/td><td><a href=\"https:\/\/feldbahn.org\/?page_id=2111\" data-type=\"page\" data-id=\"2111\">Schienenbiegemaschine<\/a><\/td><td>um 1960<\/td><td>Paul Stratmann, Dortmund<\/td><td>Sachtleben-Bergbau in Lennestadt-Meggen; 1996 an MFM<\/td><\/tr><tr><td><a href=\"https:\/\/feldbahn.org\/wp-content\/uploads\/2026\/04\/Grubenholzsaege_46-300x187-1.jpg\" data-type=\"attachment\" data-id=\"246\"><img loading=\"lazy\" decoding=\"async\" width=\"150\" height=\"94\" class=\"wp-image-246\" style=\"width: 150px;\" src=\"https:\/\/feldbahn.org\/wp-content\/uploads\/2026\/04\/Grubenholzsaege_46-300x187-1.jpg\" alt=\"\"><\/a><\/td><td>Grubenholzs\u00e4ge<\/td><td>unbekannt<\/td><td>D\u00fcsterloh, Bochum<\/td><td> Preussag AG in Ibbenb\u00fcren; sp\u00e4ter an Fa. Puppe in Rheine f\u00fcr Gleisbau; 1999 an MFM<\/td><\/tr><tr><td><a href=\"https:\/\/feldbahn.org\/wp-content\/uploads\/2026\/04\/Kreiselkipper_345-300x242-1.jpg\" data-type=\"attachment\" data-id=\"334\"><img loading=\"lazy\" decoding=\"async\" width=\"150\" height=\"121\" class=\"wp-image-334\" style=\"width: 150px;\" src=\"https:\/\/feldbahn.org\/wp-content\/uploads\/2026\/04\/Kreiselkipper_345-300x242-1.jpg\" alt=\"\"><\/a><\/td><td>Kreiselkipper<\/td><td>um 1950<\/td><td><\/td><td>Fuchssche Tongruben, Alfter-Witterschlick; 1996 an MFM<\/td><\/tr><tr><td><a href=\"https:\/\/feldbahn.org\/wp-content\/uploads\/2026\/04\/P1010031-300x199-1.jpg\" data-type=\"attachment\" data-id=\"1328\"><img loading=\"lazy\" decoding=\"async\" width=\"150\" height=\"100\" class=\"wp-image-1328\" style=\"width: 150px;\" src=\"https:\/\/feldbahn.org\/wp-content\/uploads\/2026\/04\/P1010031-300x199-1.jpg\" alt=\"\"><\/a><\/td><td><a href=\"https:\/\/feldbahn.org\/?page_id=2109\" data-type=\"page\" data-id=\"2109\">Wurfschaufellader<\/a><\/td><td>um 1950<\/td><td>Atlas-Copco<\/td><td>Erzbergwerk Ramsbeck b. Bestwig; an Bergbaumuseum Bad Ems; 2001 an MFM<\/td><\/tr><tr><td><a href=\"https:\/\/feldbahn.org\/wp-content\/uploads\/2026\/04\/03ba.jpg\" data-type=\"attachment\" data-id=\"567\"><img loading=\"lazy\" decoding=\"async\" width=\"150\" height=\"207\" class=\"wp-image-567\" style=\"width: 150px;\" src=\"https:\/\/feldbahn.org\/wp-content\/uploads\/2026\/04\/03ba.jpg\" alt=\"\"><\/a><\/td><td>Bagger Typ D201<\/td><td>um 1955<\/td><td>Krupp-Dolberg, Dortmund<\/td><td>Bauunternehmen Prommersberger in Dortmund-Deusen; 2001 an MFM<\/td><\/tr><\/tbody><\/table><\/figure>\n\n\n\n<p><\/p>\n","protected":false},"excerpt":{"rendered":"<p>Weitere Exponate Bild Typ Baujahr Hersteller Einsatzgeschichte Lokschuppen 1919 1919 beim Torfwerk Dyckerhoff in Neustadt a. R\u00fcbenberge errichtet; 1995 an [&hellip;]<\/p>\n","protected":false},"author":1,"featured_media":0,"parent":0,"menu_order":0,"comment_status":"closed","ping_status":"closed","template":"","meta":{"site-sidebar-layout":"default","site-content-layout":"","ast-site-content-layout":"default","site-content-style":"default","site-sidebar-style":"default","ast-global-header-display":"","ast-banner-title-visibility":"","ast-main-header-display":"","ast-hfb-above-header-display":"","ast-hfb-below-header-display":"","ast-hfb-mobile-header-display":"","site-post-title":"disabled","ast-breadcrumbs-content":"","ast-featured-img":"","footer-sml-layout":"","ast-disable-related-posts":"","theme-transparent-header-meta":"","adv-header-id-meta":"","stick-header-meta":"","header-above-stick-meta":"","header-main-stick-meta":"","header-below-stick-meta":"","astra-migrate-meta-layouts":"default","ast-page-background-enabled":"default","ast-page-background-meta":{"desktop":{"background-color":"var(--ast-global-color-5)","background-image":"","background-repeat":"repeat","background-position":"center center","background-size":"auto","background-attachment":"scroll","background-type":"","background-media":"","overlay-type":"","overlay-color":"","overlay-opacity":"","overlay-gradient":""},"tablet":{"background-color":"","background-image":"","background-repeat":"repeat","background-position":"center center","background-size":"auto","background-attachment":"scroll","background-type":"","background-media":"","overlay-type":"","overlay-color":"","overlay-opacity":"","overlay-gradient":""},"mobile":{"background-color":"","background-image":"","background-repeat":"repeat","background-position":"center center","background-size":"auto","background-attachment":"scroll","background-type":"","background-media":"","overlay-type":"","overlay-color":"","overlay-opacity":"","overlay-gradient":""}},"ast-content-background-meta":{"desktop":{"background-color":"var(--ast-global-color-4)","background-image":"","background-repeat":"repeat","background-position":"center center","background-size":"auto","background-attachment":"scroll","background-type":"","background-media":"","overlay-type":"","overlay-color":"","overlay-opacity":"","overlay-gradient":""},"tablet":{"background-color":"var(--ast-global-color-4)","background-image":"","background-repeat":"repeat","background-position":"center center","background-size":"auto","background-attachment":"scroll","background-type":"","background-media":"","overlay-type":"","overlay-color":"","overlay-opacity":"","overlay-gradient":""},"mobile":{"background-color":"var(--ast-global-color-4)","background-image":"","background-repeat":"repeat","background-position":"center center","background-size":"auto","background-attachment":"scroll","background-type":"","background-media":"","overlay-type":"","overlay-color":"","overlay-opacity":"","overlay-gradient":""}},"footnotes":""},"class_list":["post-2113","page","type-page","status-publish","hentry"],"_links":{"self":[{"href":"https:\/\/feldbahn.org\/index.php?rest_route=\/wp\/v2\/pages\/2113","targetHints":{"allow":["GET"]}}],"collection":[{"href":"https:\/\/feldbahn.org\/index.php?rest_route=\/wp\/v2\/pages"}],"about":[{"href":"https:\/\/feldbahn.org\/index.php?rest_route=\/wp\/v2\/types\/page"}],"author":[{"embeddable":true,"href":"https:\/\/feldbahn.org\/index.php?rest_route=\/wp\/v2\/users\/1"}],"replies":[{"embeddable":true,"href":"https:\/\/feldbahn.org\/index.php?rest_route=%2Fwp%2Fv2%2Fcomments&post=2113"}],"version-history":[{"count":5,"href":"https:\/\/feldbahn.org\/index.php?rest_route=\/wp\/v2\/pages\/2113\/revisions"}],"predecessor-version":[{"id":2118,"href":"https:\/\/feldbahn.org\/index.php?rest_route=\/wp\/v2\/pages\/2113\/revisions\/2118"}],"wp:attachment":[{"href":"https:\/\/feldbahn.org\/index.php?rest_route=%2Fwp%2Fv2%2Fmedia&parent=2113"}],"curies":[{"name":"wp","href":"https:\/\/api.w.org\/{rel}","templated":true}]}}