{"id":2091,"date":"2026-04-29T13:23:36","date_gmt":"2026-04-29T13:23:36","guid":{"rendered":"https:\/\/feldbahn.org\/?page_id=2091"},"modified":"2026-04-29T13:37:08","modified_gmt":"2026-04-29T13:37:08","slug":"das-museum","status":"publish","type":"page","link":"https:\/\/feldbahn.org\/?page_id=2091","title":{"rendered":"Das Museum"},"content":{"rendered":"\n<h2 class=\"wp-block-heading\">Das Museum<\/h2>\n\n\n\n<p>Das M\u00fcnsterl\u00e4ndische Feldbahnmuseum dokumentiert als eingetragener und gemeinn\u00fctziger Verein seit 1985 die Entwicklung und Bedeutung der schmalspurigen Feld- und Grubenbahnen. Bis heute konnten 40 Lokomotiven, 80 Feldbahnwagen und eine Vielzahl weiterer feldbahntypischer Exponate  und Kuriosit\u00e4ten gesichert werden, die ehemals in Ziegeleien, Torfwerken, Kieswerken, Bergwerken, bei Erdarbeiten und bei der Tr\u00fcmmerbeseitigung im Einsatz standen. Die ausschlie\u00dflich ehrenamtlich t\u00e4tigen Mitarbeiter bringen ihre Freizeit f\u00fcr die Bewahrung und betriebsf\u00e4hige Restaurierung der historischen Feldbahnen ein und betreiben die Fahrzeuge auf einer hauseigenen Feldbahnstrecke. <\/p>\n\n\n\n<p>Seit 2013 befindet sich das M\u00fcnsterl\u00e4ndische Feldbahnmuseum e.V. auf einer 46.000 qm gro\u00dfen Gr\u00fcnfl\u00e4che der ehemaligen Kaserne Gellendorf. Im Rahmen einer Konversion wurde die Kaserne zur Gartenstadt Gellendorf entwickelt, die ein beliebter Ort f\u00fcr Wohnen, Gewerbe und naturnahe Freizeitgestaltung geworden ist.<\/p>\n\n\n\n<p>Das landschaftlich reizvolle Vereinsgel\u00e4nde ist von Wanderd\u00fcnen gepr\u00e4gt, die sich seit Jahrtausenden durch einen vorwiegenden westwindgetriebenen Sandabtrag der benachbarten Ems gebildet haben. Auf diesen Wanderd\u00fcnen hat sich eine sch\u00fctzenswerte Vegetation aus Sandmagerrasen und einem Eichen-Birken-Wald angesiedelt, der dank langj\u00e4hriger extensiver Landschaftsnutzung als Kasernenstandort bis heute erhalten geblieben ist. 2013 wurden gro\u00dfe Teile des Vereinsgel\u00e4ndes gem\u00e4\u00df \u00a762 Landschaftsschutzgesetz NW als Biotop unter Schutz gestellt.<\/p>\n\n\n\n<p>Durch Umnutzung der vorgefundenen Kasernengeb\u00e4ude und den Neubau einer Feldbahnstrecke entwickelt das M\u00fcnsterl\u00e4ndische Feldbahnmuseum nun seine Vorstellungen f\u00fcr ein Feldbahn-Freilichtmuseum. Folgen Sie uns auf einem Rundgang:<\/p>\n\n\n\n<ul class=\"wp-block-list\">\n<li><a href=\"https:\/\/feldbahn.org\/?page_id=2067\" data-type=\"page\" data-id=\"2067\">Mission und Strategie<\/a><\/li>\n\n\n\n<li><a href=\"https:\/\/feldbahn.org\/?page_id=2069\" data-type=\"page\" data-id=\"2069\">Feldbahnstrecke<\/a> durch Wald und Wiese<\/li>\n\n\n\n<li><a href=\"https:\/\/feldbahn.org\/?page_id=2071\" data-type=\"page\" data-id=\"2071\">Fahrzeugremise<\/a> als zentrale Fahrzeugausstellung<\/li>\n\n\n\n<li><a href=\"https:\/\/feldbahn.org\/?page_id=2075\" data-type=\"page\" data-id=\"2075\">Betriebsgeb\u00e4ude<\/a> als Werkstatt, Lager und Sozialgeb\u00e4ude<\/li>\n\n\n\n<li><a href=\"https:\/\/feldbahn.org\/?page_id=2077\" data-type=\"page\" data-id=\"2077\">Perspektiven und Pl\u00e4ne<\/a><\/li>\n<\/ul>\n\n\n\n<p>Zur Vorgeschichte als ehemalige Kaserne Gellendorf: <a href=\"https:\/\/traditionsverband-logistik-rheine.info\" data-type=\"URL\" data-id=\"https:\/\/traditionsverband-logistik-rheine.info\/standort-rheine\/kasernen\/\" target=\"_blank\" rel=\"noreferrer noopener\">Kasernen am Standort Rheine<\/a><\/p>\n\n\n\n<p>Weitere und ehemalige Standorte des M\u00fcnsterl\u00e4ndischen Feldbahnmuseum e.V.:<\/p>\n\n\n\n<ul class=\"wp-block-list\">\n<li><a href=\"https:\/\/feldbahn.org\/?page_id=2083\" data-type=\"page\" data-id=\"2083\">Seit 2007: Fahrbetrieb in Geeste &#8211; Gro\u00df Hesepe<\/a><\/li>\n\n\n\n<li><a href=\"https:\/\/feldbahn.org\/?page_id=2086\" data-type=\"page\" data-id=\"2086\">1991-2013 Bentlage<\/a><\/li>\n\n\n\n<li><a href=\"https:\/\/feldbahn.org\/?page_id=2089\" data-type=\"page\" data-id=\"2089\">1985-1991 Erste Anf\u00e4nge<\/a><\/li>\n<\/ul>\n\n\n\n<figure class=\"wp-block-image size-large\"><img loading=\"lazy\" decoding=\"async\" width=\"1024\" height=\"768\" src=\"https:\/\/feldbahn.org\/wp-content\/uploads\/2026\/04\/IMG_0258-2048x1536-1-1024x768.jpg\" alt=\"\" class=\"wp-image-733\" srcset=\"https:\/\/feldbahn.org\/wp-content\/uploads\/2026\/04\/IMG_0258-2048x1536-1-1024x768.jpg 1024w, https:\/\/feldbahn.org\/wp-content\/uploads\/2026\/04\/IMG_0258-2048x1536-1-300x225.jpg 300w, https:\/\/feldbahn.org\/wp-content\/uploads\/2026\/04\/IMG_0258-2048x1536-1-768x576.jpg 768w, https:\/\/feldbahn.org\/wp-content\/uploads\/2026\/04\/IMG_0258-2048x1536-1-1536x1152.jpg 1536w, https:\/\/feldbahn.org\/wp-content\/uploads\/2026\/04\/IMG_0258-2048x1536-1.jpg 2048w\" sizes=\"auto, (max-width: 1024px) 100vw, 1024px\" \/><figcaption class=\"wp-element-caption\">Blick in die Fahrzeugremise<\/figcaption><\/figure>\n","protected":false},"excerpt":{"rendered":"<p>Das Museum Das M\u00fcnsterl\u00e4ndische Feldbahnmuseum dokumentiert als eingetragener und gemeinn\u00fctziger Verein seit 1985 die Entwicklung und Bedeutung der schmalspurigen Feld- [&hellip;]<\/p>\n","protected":false},"author":1,"featured_media":0,"parent":0,"menu_order":0,"comment_status":"closed","ping_status":"closed","template":"","meta":{"site-sidebar-layout":"default","site-content-layout":"","ast-site-content-layout":"default","site-content-style":"default","site-sidebar-style":"default","ast-global-header-display":"","ast-banner-title-visibility":"","ast-main-header-display":"","ast-hfb-above-header-display":"","ast-hfb-below-header-display":"","ast-hfb-mobile-header-display":"","site-post-title":"disabled","ast-breadcrumbs-content":"","ast-featured-img":"","footer-sml-layout":"","ast-disable-related-posts":"","theme-transparent-header-meta":"","adv-header-id-meta":"","stick-header-meta":"","header-above-stick-meta":"","header-main-stick-meta":"","header-below-stick-meta":"","astra-migrate-meta-layouts":"default","ast-page-background-enabled":"default","ast-page-background-meta":{"desktop":{"background-color":"var(--ast-global-color-5)","background-image":"","background-repeat":"repeat","background-position":"center center","background-size":"auto","background-attachment":"scroll","background-type":"","background-media":"","overlay-type":"","overlay-color":"","overlay-opacity":"","overlay-gradient":""},"tablet":{"background-color":"","background-image":"","background-repeat":"repeat","background-position":"center center","background-size":"auto","background-attachment":"scroll","background-type":"","background-media":"","overlay-type":"","overlay-color":"","overlay-opacity":"","overlay-gradient":""},"mobile":{"background-color":"","background-image":"","background-repeat":"repeat","background-position":"center center","background-size":"auto","background-attachment":"scroll","background-type":"","background-media":"","overlay-type":"","overlay-color":"","overlay-opacity":"","overlay-gradient":""}},"ast-content-background-meta":{"desktop":{"background-color":"var(--ast-global-color-4)","background-image":"","background-repeat":"repeat","background-position":"center center","background-size":"auto","background-attachment":"scroll","background-type":"","background-media":"","overlay-type":"","overlay-color":"","overlay-opacity":"","overlay-gradient":""},"tablet":{"background-color":"var(--ast-global-color-4)","background-image":"","background-repeat":"repeat","background-position":"center center","background-size":"auto","background-attachment":"scroll","background-type":"","background-media":"","overlay-type":"","overlay-color":"","overlay-opacity":"","overlay-gradient":""},"mobile":{"background-color":"var(--ast-global-color-4)","background-image":"","background-repeat":"repeat","background-position":"center center","background-size":"auto","background-attachment":"scroll","background-type":"","background-media":"","overlay-type":"","overlay-color":"","overlay-opacity":"","overlay-gradient":""}},"footnotes":""},"class_list":["post-2091","page","type-page","status-publish","hentry"],"_links":{"self":[{"href":"https:\/\/feldbahn.org\/index.php?rest_route=\/wp\/v2\/pages\/2091","targetHints":{"allow":["GET"]}}],"collection":[{"href":"https:\/\/feldbahn.org\/index.php?rest_route=\/wp\/v2\/pages"}],"about":[{"href":"https:\/\/feldbahn.org\/index.php?rest_route=\/wp\/v2\/types\/page"}],"author":[{"embeddable":true,"href":"https:\/\/feldbahn.org\/index.php?rest_route=\/wp\/v2\/users\/1"}],"replies":[{"embeddable":true,"href":"https:\/\/feldbahn.org\/index.php?rest_route=%2Fwp%2Fv2%2Fcomments&post=2091"}],"version-history":[{"count":5,"href":"https:\/\/feldbahn.org\/index.php?rest_route=\/wp\/v2\/pages\/2091\/revisions"}],"predecessor-version":[{"id":2106,"href":"https:\/\/feldbahn.org\/index.php?rest_route=\/wp\/v2\/pages\/2091\/revisions\/2106"}],"wp:attachment":[{"href":"https:\/\/feldbahn.org\/index.php?rest_route=%2Fwp%2Fv2%2Fmedia&parent=2091"}],"curies":[{"name":"wp","href":"https:\/\/api.w.org\/{rel}","templated":true}]}}