{"id":2071,"date":"2026-04-29T12:52:29","date_gmt":"2026-04-29T12:52:29","guid":{"rendered":"https:\/\/feldbahn.org\/?page_id=2071"},"modified":"2026-04-29T12:53:44","modified_gmt":"2026-04-29T12:53:44","slug":"fahrzeugremise","status":"publish","type":"page","link":"https:\/\/feldbahn.org\/?page_id=2071","title":{"rendered":"Fahrzeugremise"},"content":{"rendered":"\n<h2 class=\"wp-block-heading\">Fahrzeugremise<\/h2>\n\n\n\n<p>Die zentrale Fahrzeugremise dient als Schaudepot der Pr\u00e4sentation unserer Feldbahnfahrzeuge und weiterer Feldbahnexponate. Die 15 m breite und 80 m lange Remise, ehemals f\u00fcr Milit\u00e4rfahrzeuge genutzt, wurde mit neuen Dach- und Wandblechen versehen. Vier Aufstellgeleise nehmen die Feldbahnfahrzeuge auf und zeigen einen Querschnitt durch 100 Jahre Feldbahngeschichte im M\u00fcnsterland. Weitere Fl\u00e4chen sind als Stellfl\u00e4che f\u00fcr nicht schienengebundene Exponate vorgesehen. Alle Aufstellgleise \u00fcberqueren die Stra\u00dfenzufahrt auf das Vereinsgel\u00e4nde und sind \u00fcber eine sogenannte Weichenstrasse mit der Museums-Feldbahn verbunden.<\/p>\n\n\n\n<figure class=\"wp-block-image size-full\"><img loading=\"lazy\" decoding=\"async\" width=\"1024\" height=\"768\" src=\"https:\/\/feldbahn.org\/wp-content\/uploads\/2026\/04\/10_Fahrzeughalle2-1024x768-1.jpg\" alt=\"\" class=\"wp-image-689\" srcset=\"https:\/\/feldbahn.org\/wp-content\/uploads\/2026\/04\/10_Fahrzeughalle2-1024x768-1.jpg 1024w, https:\/\/feldbahn.org\/wp-content\/uploads\/2026\/04\/10_Fahrzeughalle2-1024x768-1-300x225.jpg 300w, https:\/\/feldbahn.org\/wp-content\/uploads\/2026\/04\/10_Fahrzeughalle2-1024x768-1-768x576.jpg 768w\" sizes=\"auto, (max-width: 1024px) 100vw, 1024px\" \/><\/figure>\n\n\n\n<figure class=\"wp-block-image size-full\"><img loading=\"lazy\" decoding=\"async\" width=\"768\" height=\"1024\" src=\"https:\/\/feldbahn.org\/wp-content\/uploads\/2026\/04\/Fahrzeughalle_00-1-768x1024-1.jpg\" alt=\"\" class=\"wp-image-224\" srcset=\"https:\/\/feldbahn.org\/wp-content\/uploads\/2026\/04\/Fahrzeughalle_00-1-768x1024-1.jpg 768w, https:\/\/feldbahn.org\/wp-content\/uploads\/2026\/04\/Fahrzeughalle_00-1-768x1024-1-225x300.jpg 225w\" sizes=\"auto, (max-width: 768px) 100vw, 768px\" \/><\/figure>\n","protected":false},"excerpt":{"rendered":"<p>Fahrzeugremise Die zentrale Fahrzeugremise dient als Schaudepot der Pr\u00e4sentation unserer Feldbahnfahrzeuge und weiterer Feldbahnexponate. Die 15 m breite und 80 [&hellip;]<\/p>\n","protected":false},"author":1,"featured_media":0,"parent":0,"menu_order":0,"comment_status":"closed","ping_status":"closed","template":"","meta":{"site-sidebar-layout":"default","site-content-layout":"","ast-site-content-layout":"default","site-content-style":"default","site-sidebar-style":"default","ast-global-header-display":"","ast-banner-title-visibility":"","ast-main-header-display":"","ast-hfb-above-header-display":"","ast-hfb-below-header-display":"","ast-hfb-mobile-header-display":"","site-post-title":"disabled","ast-breadcrumbs-content":"","ast-featured-img":"","footer-sml-layout":"","ast-disable-related-posts":"","theme-transparent-header-meta":"","adv-header-id-meta":"","stick-header-meta":"","header-above-stick-meta":"","header-main-stick-meta":"","header-below-stick-meta":"","astra-migrate-meta-layouts":"default","ast-page-background-enabled":"default","ast-page-background-meta":{"desktop":{"background-color":"var(--ast-global-color-5)","background-image":"","background-repeat":"repeat","background-position":"center center","background-size":"auto","background-attachment":"scroll","background-type":"","background-media":"","overlay-type":"","overlay-color":"","overlay-opacity":"","overlay-gradient":""},"tablet":{"background-color":"","background-image":"","background-repeat":"repeat","background-position":"center center","background-size":"auto","background-attachment":"scroll","background-type":"","background-media":"","overlay-type":"","overlay-color":"","overlay-opacity":"","overlay-gradient":""},"mobile":{"background-color":"","background-image":"","background-repeat":"repeat","background-position":"center center","background-size":"auto","background-attachment":"scroll","background-type":"","background-media":"","overlay-type":"","overlay-color":"","overlay-opacity":"","overlay-gradient":""}},"ast-content-background-meta":{"desktop":{"background-color":"var(--ast-global-color-4)","background-image":"","background-repeat":"repeat","background-position":"center center","background-size":"auto","background-attachment":"scroll","background-type":"","background-media":"","overlay-type":"","overlay-color":"","overlay-opacity":"","overlay-gradient":""},"tablet":{"background-color":"var(--ast-global-color-4)","background-image":"","background-repeat":"repeat","background-position":"center center","background-size":"auto","background-attachment":"scroll","background-type":"","background-media":"","overlay-type":"","overlay-color":"","overlay-opacity":"","overlay-gradient":""},"mobile":{"background-color":"var(--ast-global-color-4)","background-image":"","background-repeat":"repeat","background-position":"center center","background-size":"auto","background-attachment":"scroll","background-type":"","background-media":"","overlay-type":"","overlay-color":"","overlay-opacity":"","overlay-gradient":""}},"footnotes":""},"class_list":["post-2071","page","type-page","status-publish","hentry"],"_links":{"self":[{"href":"https:\/\/feldbahn.org\/index.php?rest_route=\/wp\/v2\/pages\/2071","targetHints":{"allow":["GET"]}}],"collection":[{"href":"https:\/\/feldbahn.org\/index.php?rest_route=\/wp\/v2\/pages"}],"about":[{"href":"https:\/\/feldbahn.org\/index.php?rest_route=\/wp\/v2\/types\/page"}],"author":[{"embeddable":true,"href":"https:\/\/feldbahn.org\/index.php?rest_route=\/wp\/v2\/users\/1"}],"replies":[{"embeddable":true,"href":"https:\/\/feldbahn.org\/index.php?rest_route=%2Fwp%2Fv2%2Fcomments&post=2071"}],"version-history":[{"count":3,"href":"https:\/\/feldbahn.org\/index.php?rest_route=\/wp\/v2\/pages\/2071\/revisions"}],"predecessor-version":[{"id":2074,"href":"https:\/\/feldbahn.org\/index.php?rest_route=\/wp\/v2\/pages\/2071\/revisions\/2074"}],"wp:attachment":[{"href":"https:\/\/feldbahn.org\/index.php?rest_route=%2Fwp%2Fv2%2Fmedia&parent=2071"}],"curies":[{"name":"wp","href":"https:\/\/api.w.org\/{rel}","templated":true}]}}