{"id":2056,"date":"2026-04-29T12:24:12","date_gmt":"2026-04-29T12:24:12","guid":{"rendered":"https:\/\/feldbahn.org\/?page_id=2056"},"modified":"2026-04-29T12:24:12","modified_gmt":"2026-04-29T12:24:12","slug":"akteuere-unterstuetzer","status":"publish","type":"page","link":"https:\/\/feldbahn.org\/?page_id=2056","title":{"rendered":"Akteuere &amp; Unterst\u00fctzer"},"content":{"rendered":"\n<h2 class=\"wp-block-heading\">Akteure &amp; Unterst\u00fctzer<\/h2>\n\n\n\n<p>Der Verein M\u00fcnsterl\u00e4ndisches Feldbahnmuseum e.V. lebt von vom Engagement vieler Menschen und Organisationen. Ohne die Macher, die das Museum teilweise bereits seit Jahrzehnten aktiv gestalten und ebenso von den zahlreichen Unterst\u00fctzern und Spendern, die das Museum durch Sachmittel und Spenden unterst\u00fctzen, h\u00e4tten wir das alles bis heute nicht erreichen k\u00f6nnen. <\/p>\n\n\n\n<p>Und wir haben noch viele Gestaltungsideen und Aufgaben vor uns &#8230; und bitten auch um Ihren Beitrag als: <\/p>\n\n\n\n<ul class=\"wp-block-list\">\n<li><a href=\"https:\/\/feldbahn.org\/?page_id=2046\" data-type=\"page\" data-id=\"2046\">Ehrenamtliche Mitarbeiter<\/a><\/li>\n\n\n\n<li><a href=\"http:\/\/127.0.0.1\/?page_id=3369\" data-type=\"page\" data-id=\"3369\">Bundesfreiwillige<\/a><a href=\"https:\/\/feldbahn.org\/?page_id=2050\" data-type=\"page\" data-id=\"2050\">n<\/a><a href=\"http:\/\/127.0.0.1\/?page_id=3369\" data-type=\"page\" data-id=\"3369\">dienst<\/a><\/li>\n\n\n\n<li><a href=\"https:\/\/feldbahn.org\/?page_id=2052\" data-type=\"page\" data-id=\"2052\">Soziales Engagement<\/a><\/li>\n\n\n\n<li><a href=\"https:\/\/feldbahn.org\/?page_id=2054\" data-type=\"page\" data-id=\"2054\">Spender und Sponsor<\/a><\/li>\n<\/ul>\n\n\n\n<p><\/p>\n","protected":false},"excerpt":{"rendered":"<p>Akteure &amp; Unterst\u00fctzer Der Verein M\u00fcnsterl\u00e4ndisches Feldbahnmuseum e.V. lebt von vom Engagement vieler Menschen und Organisationen. Ohne die Macher, die [&hellip;]<\/p>\n","protected":false},"author":1,"featured_media":0,"parent":0,"menu_order":0,"comment_status":"closed","ping_status":"closed","template":"","meta":{"site-sidebar-layout":"default","site-content-layout":"","ast-site-content-layout":"default","site-content-style":"default","site-sidebar-style":"default","ast-global-header-display":"","ast-banner-title-visibility":"","ast-main-header-display":"","ast-hfb-above-header-display":"","ast-hfb-below-header-display":"","ast-hfb-mobile-header-display":"","site-post-title":"disabled","ast-breadcrumbs-content":"","ast-featured-img":"","footer-sml-layout":"","ast-disable-related-posts":"","theme-transparent-header-meta":"","adv-header-id-meta":"","stick-header-meta":"","header-above-stick-meta":"","header-main-stick-meta":"","header-below-stick-meta":"","astra-migrate-meta-layouts":"default","ast-page-background-enabled":"default","ast-page-background-meta":{"desktop":{"background-color":"var(--ast-global-color-5)","background-image":"","background-repeat":"repeat","background-position":"center center","background-size":"auto","background-attachment":"scroll","background-type":"","background-media":"","overlay-type":"","overlay-color":"","overlay-opacity":"","overlay-gradient":""},"tablet":{"background-color":"","background-image":"","background-repeat":"repeat","background-position":"center center","background-size":"auto","background-attachment":"scroll","background-type":"","background-media":"","overlay-type":"","overlay-color":"","overlay-opacity":"","overlay-gradient":""},"mobile":{"background-color":"","background-image":"","background-repeat":"repeat","background-position":"center center","background-size":"auto","background-attachment":"scroll","background-type":"","background-media":"","overlay-type":"","overlay-color":"","overlay-opacity":"","overlay-gradient":""}},"ast-content-background-meta":{"desktop":{"background-color":"var(--ast-global-color-4)","background-image":"","background-repeat":"repeat","background-position":"center center","background-size":"auto","background-attachment":"scroll","background-type":"","background-media":"","overlay-type":"","overlay-color":"","overlay-opacity":"","overlay-gradient":""},"tablet":{"background-color":"var(--ast-global-color-4)","background-image":"","background-repeat":"repeat","background-position":"center center","background-size":"auto","background-attachment":"scroll","background-type":"","background-media":"","overlay-type":"","overlay-color":"","overlay-opacity":"","overlay-gradient":""},"mobile":{"background-color":"var(--ast-global-color-4)","background-image":"","background-repeat":"repeat","background-position":"center center","background-size":"auto","background-attachment":"scroll","background-type":"","background-media":"","overlay-type":"","overlay-color":"","overlay-opacity":"","overlay-gradient":""}},"footnotes":""},"class_list":["post-2056","page","type-page","status-publish","hentry"],"_links":{"self":[{"href":"https:\/\/feldbahn.org\/index.php?rest_route=\/wp\/v2\/pages\/2056","targetHints":{"allow":["GET"]}}],"collection":[{"href":"https:\/\/feldbahn.org\/index.php?rest_route=\/wp\/v2\/pages"}],"about":[{"href":"https:\/\/feldbahn.org\/index.php?rest_route=\/wp\/v2\/types\/page"}],"author":[{"embeddable":true,"href":"https:\/\/feldbahn.org\/index.php?rest_route=\/wp\/v2\/users\/1"}],"replies":[{"embeddable":true,"href":"https:\/\/feldbahn.org\/index.php?rest_route=%2Fwp%2Fv2%2Fcomments&post=2056"}],"version-history":[{"count":1,"href":"https:\/\/feldbahn.org\/index.php?rest_route=\/wp\/v2\/pages\/2056\/revisions"}],"predecessor-version":[{"id":2057,"href":"https:\/\/feldbahn.org\/index.php?rest_route=\/wp\/v2\/pages\/2056\/revisions\/2057"}],"wp:attachment":[{"href":"https:\/\/feldbahn.org\/index.php?rest_route=%2Fwp%2Fv2%2Fmedia&parent=2056"}],"curies":[{"name":"wp","href":"https:\/\/api.w.org\/{rel}","templated":true}]}}