{"id":2054,"date":"2026-04-29T12:19:12","date_gmt":"2026-04-29T12:19:12","guid":{"rendered":"https:\/\/feldbahn.org\/?page_id=2054"},"modified":"2026-04-29T12:29:42","modified_gmt":"2026-04-29T12:29:42","slug":"spender-und-sponsoren","status":"publish","type":"page","link":"https:\/\/feldbahn.org\/?page_id=2054","title":{"rendered":"Spender und Sponsoren"},"content":{"rendered":"\n<h2 class=\"wp-block-heading\">Spender und Sponsoren<\/h2>\n\n\n\n<p><br>Die Aktivit\u00e4ten des M\u00fcnsterl\u00e4ndischen Feldbahnmuseum e.V. erfordern \u00fcber die Ehrenamtlichkeit hinaus erhebliche finanzielle Mittel, z.B. f\u00fcr Betriebskosten und f\u00fcr die Beschaffung von Materialien, Ersatzteilen und Werkzeugen. Unsere Arbeit wird erst mit der Unterst\u00fctzung vieler F\u00f6rderer und Sponsoren m\u00f6glich, f\u00fcr dessen Engagement wir uns hier herzlich bedanken m\u00f6chten.<\/p>\n\n\n\n<p>Aber wir brauchen auch ihre Unterst\u00fctzung, zum Beispiel in Form von:<\/p>\n\n\n\n<p>Sachspenden: Werkzeuge, Materialien, Transportm\u00f6glichkeiten etc.<br>Geldspenden<br>Wir sind vom Finanzamt Steinfurt als gemeinn\u00fctzig und besonders f\u00f6rderungsw\u00fcrdig anerkannt und stellen Ihnen auf Wunsch gerne eine steuerwirksame Spendenquittung aus. Bitte sprechen sie uns an.<\/p>\n\n\n\n<p>Unser besonderer Dank gilt nachstehenden Spendern und Sponsoren:<\/p>\n\n\n\n<figure class=\"wp-block-image size-full\"><a href=\"https:\/\/www.mhkbg.nrw\/\"><img loading=\"lazy\" decoding=\"async\" width=\"337\" height=\"96\" src=\"https:\/\/feldbahn.org\/wp-content\/uploads\/2026\/04\/ministerium.gif\" alt=\"\" class=\"wp-image-592\"\/><\/a><\/figure>\n\n\n\n<figure class=\"wp-block-image size-full\"><a href=\"https:\/\/www.kreis-steinfurt.de\/\"><img loading=\"lazy\" decoding=\"async\" width=\"256\" height=\"100\" src=\"https:\/\/feldbahn.org\/wp-content\/uploads\/2026\/04\/kreis-steinfurt.gif\" alt=\"\" class=\"wp-image-587\"\/><\/a><\/figure>\n\n\n\n<figure class=\"wp-block-image size-full\"><a href=\"https:\/\/www.nrw-stiftung.de\/\"><img loading=\"lazy\" decoding=\"async\" width=\"256\" height=\"62\" src=\"https:\/\/feldbahn.org\/wp-content\/uploads\/2026\/04\/NRW_Stiftung.gif\" alt=\"\" class=\"wp-image-598\"\/><\/a><\/figure>\n\n\n\n<figure class=\"wp-block-image size-full\"><a href=\"https:\/\/www.westfalen-initiative.de\/\"><img loading=\"lazy\" decoding=\"async\" width=\"145\" height=\"100\" src=\"https:\/\/feldbahn.org\/wp-content\/uploads\/2026\/04\/stiftwestf.gif\" alt=\"\" class=\"wp-image-639\"\/><\/a><\/figure>\n\n\n\n<figure class=\"wp-block-image size-full\"><a href=\"https:\/\/www.mainka-bau.de\/\"><img loading=\"lazy\" decoding=\"async\" width=\"256\" height=\"100\" src=\"https:\/\/feldbahn.org\/wp-content\/uploads\/2026\/04\/mainka.gif\" alt=\"\" class=\"wp-image-590\"\/><\/a><\/figure>\n\n\n\n<figure class=\"wp-block-image size-full\"><a href=\"https:\/\/www.naturstein-woitzel.de\/\"><img loading=\"lazy\" decoding=\"async\" width=\"256\" height=\"100\" src=\"https:\/\/feldbahn.org\/wp-content\/uploads\/2026\/04\/woitzel.gif\" alt=\"\" class=\"wp-image-642\"\/><\/a><\/figure>\n\n\n\n<figure class=\"wp-block-image size-full\"><a href=\"https:\/\/www.rofa.de\/\"><img loading=\"lazy\" decoding=\"async\" width=\"256\" height=\"100\" src=\"https:\/\/feldbahn.org\/wp-content\/uploads\/2026\/04\/rofa2.gif\" alt=\"\" class=\"wp-image-600\"\/><\/a><\/figure>\n\n\n\n<figure class=\"wp-block-image size-full\"><a href=\"https:\/\/www.ac-tech.de\/\"><img loading=\"lazy\" decoding=\"async\" width=\"240\" height=\"76\" src=\"https:\/\/feldbahn.org\/wp-content\/uploads\/2026\/04\/ac_tech.gif\" alt=\"\" class=\"wp-image-582\"\/><\/a><\/figure>\n\n\n\n<figure class=\"wp-block-image size-full\"><a href=\"https:\/\/www.ktr.com\/\"><img loading=\"lazy\" decoding=\"async\" width=\"145\" height=\"100\" src=\"https:\/\/feldbahn.org\/wp-content\/uploads\/2026\/04\/KTR.gif\" alt=\"\" class=\"wp-image-589\"\/><\/a><\/figure>\n\n\n\n<figure class=\"wp-block-image size-full\"><a href=\"https:\/\/www.schneider-airsystems.de\/\"><img loading=\"lazy\" decoding=\"async\" width=\"145\" height=\"100\" src=\"https:\/\/feldbahn.org\/wp-content\/uploads\/2026\/04\/schneider.gif\" alt=\"\" class=\"wp-image-602\"\/><\/a><\/figure>\n","protected":false},"excerpt":{"rendered":"<p>Spender und Sponsoren Die Aktivit\u00e4ten des M\u00fcnsterl\u00e4ndischen Feldbahnmuseum e.V. erfordern \u00fcber die Ehrenamtlichkeit hinaus erhebliche finanzielle Mittel, z.B. f\u00fcr Betriebskosten [&hellip;]<\/p>\n","protected":false},"author":1,"featured_media":0,"parent":0,"menu_order":0,"comment_status":"closed","ping_status":"closed","template":"","meta":{"site-sidebar-layout":"default","site-content-layout":"","ast-site-content-layout":"default","site-content-style":"default","site-sidebar-style":"default","ast-global-header-display":"","ast-banner-title-visibility":"","ast-main-header-display":"","ast-hfb-above-header-display":"","ast-hfb-below-header-display":"","ast-hfb-mobile-header-display":"","site-post-title":"disabled","ast-breadcrumbs-content":"","ast-featured-img":"","footer-sml-layout":"","ast-disable-related-posts":"","theme-transparent-header-meta":"","adv-header-id-meta":"","stick-header-meta":"","header-above-stick-meta":"","header-main-stick-meta":"","header-below-stick-meta":"","astra-migrate-meta-layouts":"default","ast-page-background-enabled":"default","ast-page-background-meta":{"desktop":{"background-color":"var(--ast-global-color-5)","background-image":"","background-repeat":"repeat","background-position":"center center","background-size":"auto","background-attachment":"scroll","background-type":"","background-media":"","overlay-type":"","overlay-color":"","overlay-opacity":"","overlay-gradient":""},"tablet":{"background-color":"","background-image":"","background-repeat":"repeat","background-position":"center center","background-size":"auto","background-attachment":"scroll","background-type":"","background-media":"","overlay-type":"","overlay-color":"","overlay-opacity":"","overlay-gradient":""},"mobile":{"background-color":"","background-image":"","background-repeat":"repeat","background-position":"center center","background-size":"auto","background-attachment":"scroll","background-type":"","background-media":"","overlay-type":"","overlay-color":"","overlay-opacity":"","overlay-gradient":""}},"ast-content-background-meta":{"desktop":{"background-color":"var(--ast-global-color-4)","background-image":"","background-repeat":"repeat","background-position":"center center","background-size":"auto","background-attachment":"scroll","background-type":"","background-media":"","overlay-type":"","overlay-color":"","overlay-opacity":"","overlay-gradient":""},"tablet":{"background-color":"var(--ast-global-color-4)","background-image":"","background-repeat":"repeat","background-position":"center center","background-size":"auto","background-attachment":"scroll","background-type":"","background-media":"","overlay-type":"","overlay-color":"","overlay-opacity":"","overlay-gradient":""},"mobile":{"background-color":"var(--ast-global-color-4)","background-image":"","background-repeat":"repeat","background-position":"center center","background-size":"auto","background-attachment":"scroll","background-type":"","background-media":"","overlay-type":"","overlay-color":"","overlay-opacity":"","overlay-gradient":""}},"footnotes":""},"class_list":["post-2054","page","type-page","status-publish","hentry"],"_links":{"self":[{"href":"https:\/\/feldbahn.org\/index.php?rest_route=\/wp\/v2\/pages\/2054","targetHints":{"allow":["GET"]}}],"collection":[{"href":"https:\/\/feldbahn.org\/index.php?rest_route=\/wp\/v2\/pages"}],"about":[{"href":"https:\/\/feldbahn.org\/index.php?rest_route=\/wp\/v2\/types\/page"}],"author":[{"embeddable":true,"href":"https:\/\/feldbahn.org\/index.php?rest_route=\/wp\/v2\/users\/1"}],"replies":[{"embeddable":true,"href":"https:\/\/feldbahn.org\/index.php?rest_route=%2Fwp%2Fv2%2Fcomments&post=2054"}],"version-history":[{"count":4,"href":"https:\/\/feldbahn.org\/index.php?rest_route=\/wp\/v2\/pages\/2054\/revisions"}],"predecessor-version":[{"id":2066,"href":"https:\/\/feldbahn.org\/index.php?rest_route=\/wp\/v2\/pages\/2054\/revisions\/2066"}],"wp:attachment":[{"href":"https:\/\/feldbahn.org\/index.php?rest_route=%2Fwp%2Fv2%2Fmedia&parent=2054"}],"curies":[{"name":"wp","href":"https:\/\/api.w.org\/{rel}","templated":true}]}}