{"id":2052,"date":"2026-04-29T12:07:29","date_gmt":"2026-04-29T12:07:29","guid":{"rendered":"https:\/\/feldbahn.org\/?page_id=2052"},"modified":"2026-04-29T12:07:29","modified_gmt":"2026-04-29T12:07:29","slug":"soziales-engagement","status":"publish","type":"page","link":"https:\/\/feldbahn.org\/?page_id=2052","title":{"rendered":"Soziales Engagement"},"content":{"rendered":"\n<h2 class=\"wp-block-heading\" id=\"block-212f17b9-a063-400e-a26f-ea447e246866\">Soziales Engagement<\/h2>\n\n\n\n<p id=\"block-9e53787b-6cb6-4583-b40c-c8ffc187a7e3\">Der Verein f\u00f6rdert neben der musealen Erhaltung historischer Feldbahnen in Zusammenarbeit mit Organisationen der Sozialpflege auch die berufliche und gesellschaftliche Integration benachteiligter Personengruppen. Gemeinsam mit verschiedenen Tr\u00e4gern wurden bislang u.a. folgende Projekte begleitet:<\/p>\n\n\n\n<ul id=\"block-a06cbd3a-cfa7-41f9-a85e-f7fae9c0b4c4\" class=\"wp-block-list\">\n<li>Integration von Langzeitarbeitslosen in den Berufsalltag im Rahmen von Arbeitsbeschaffungsma\u00dfnahmen.<\/li>\n\n\n\n<li>Zweij\u00e4hrige Jugendqualifizierungsma\u00dfnahme &#8222;Mot-O-Train&#8220;, in der 27 benachteiligte Jugendliche unter Anleitung von Handwerksmeistern und Sozialarbeitern durch handwerkliche Arbeiten an Feldbahnlokomotiven, Wagen und Gleisanlagen auf das Berufsleben vorbereitet wurden. Hierf\u00fcr erhielten wir f\u00fcr unser ehrenamtliches Engagement vom damaligen NRW-Arbeitsminister Harald Schartau einen der zw\u00f6lf Hauptpreise im Landeswettbewerb &#8222;Zukunftsbr\u00fccke &#8211; Neue Wege in das Erwerbsleben&#8220;.<\/li>\n\n\n\n<li>Mit der Qualifizierungsma\u00dfnahme &#8222;Feldbahn Ibbenb\u00fcren&#8220; waren wir sinnstiftender Kooperationspartner f\u00fcr ein langj\u00e4hriges Programm, vorwiegend junge Arbeitslose durch Arbeiten an Feldbahngleisen und Feldbahnfahrzeugen im Schlosser- und Schweisserhandwerk zu qualifizieren und damit auf den Arbeitsmarkt vorzubereiten. Die Teilnehmerauswahl und sozialp\u00e4dagogische Betreuung erfolgt dabei durch unseren Projektpartner <a href=\"http:\/\/www.begegnungszentrum-ibbenbueren.de\" target=\"_blank\" rel=\"noreferrer noopener\">Begegnungszentrum f\u00fcr Ausl\u00e4nder und Deutsche e.V.<\/a> in Ibbenb\u00fcren. Finanziert wurde das Projekt durch eine Spende der <a href=\"https:\/\/www.stiftung-zukunft-nrw.de\" target=\"_blank\" rel=\"noreferrer noopener\">Stiftung Zukunft NRW<\/a> (ehemals: WestLB-Stiftung Zukunft NRW) und durch den <a href=\"http:\/\/www.kreis-steinfurt.de\" target=\"_blank\" rel=\"noreferrer noopener\">Kreis Steinfurt<\/a>. Das Projekt hatte eine au\u00dfergew\u00f6hnlich hohe Vermittlungsquote der Ma\u00dfnahmenteilnehmer in den ersten Arbeitsmarkt und hat sich \u00fcber die Grenzen des Kreises Steinfurt hinweg einen guten Ruf erarbeitet.<\/li>\n\n\n\n<li>\u00dcber viele Jahre waren wir Projektpartner und anerkannter Tr\u00e4ger gem\u00e4\u00df \u00a716d SGB II f\u00fcr die niedrigschwellige Vermittlung handwerklicher F\u00e4higkeiten mit dem Ziel der Vermittlung in den sog. ersten Arbeitsmarkt.<\/li>\n\n\n\n<li>Seit 2013 sind wir anerkannte Einsatzstelle des Bundesfreiwilligendienstes und bieten Interessierten einen tempor\u00e4ren Einsatz vornehmlich im Erwerb handwerklicher F\u00e4higkeiten im Rahmen konkreter Projekte.<\/li>\n<\/ul>\n\n\n\n<p id=\"block-0b55496b-0cda-4008-a7f5-124325f5d211\">Mit diesen Projekten hat sich das M\u00fcnsterl\u00e4ndische Feldbahnmuseum e.V. neben der Sammlung, Restaurierung und Pr\u00e4sentation von Feldbahnen auch als Kooperationspartner f\u00fcr soziale Zielsetzungen qualifiziert.<\/p>\n\n\n\n<figure class=\"wp-block-image size-full\"><img loading=\"lazy\" decoding=\"async\" width=\"1024\" height=\"768\" src=\"https:\/\/feldbahn.org\/wp-content\/uploads\/2026\/04\/DSCF0007-1024x768-1.jpg\" alt=\"\" class=\"wp-image-98\" srcset=\"https:\/\/feldbahn.org\/wp-content\/uploads\/2026\/04\/DSCF0007-1024x768-1.jpg 1024w, https:\/\/feldbahn.org\/wp-content\/uploads\/2026\/04\/DSCF0007-1024x768-1-300x225.jpg 300w, https:\/\/feldbahn.org\/wp-content\/uploads\/2026\/04\/DSCF0007-1024x768-1-768x576.jpg 768w\" sizes=\"auto, (max-width: 1024px) 100vw, 1024px\" \/><figcaption class=\"wp-element-caption\">Das Gleisbauteam der Qualifizierungsma\u00dfnahme \u201eFeldbahn Ibbenb\u00fcren\u201c<\/figcaption><\/figure>\n","protected":false},"excerpt":{"rendered":"<p>Soziales Engagement Der Verein f\u00f6rdert neben der musealen Erhaltung historischer Feldbahnen in Zusammenarbeit mit Organisationen der Sozialpflege auch die berufliche [&hellip;]<\/p>\n","protected":false},"author":1,"featured_media":0,"parent":0,"menu_order":0,"comment_status":"closed","ping_status":"closed","template":"","meta":{"site-sidebar-layout":"default","site-content-layout":"","ast-site-content-layout":"default","site-content-style":"default","site-sidebar-style":"default","ast-global-header-display":"","ast-banner-title-visibility":"","ast-main-header-display":"","ast-hfb-above-header-display":"","ast-hfb-below-header-display":"","ast-hfb-mobile-header-display":"","site-post-title":"disabled","ast-breadcrumbs-content":"","ast-featured-img":"","footer-sml-layout":"","ast-disable-related-posts":"","theme-transparent-header-meta":"","adv-header-id-meta":"","stick-header-meta":"","header-above-stick-meta":"","header-main-stick-meta":"","header-below-stick-meta":"","astra-migrate-meta-layouts":"default","ast-page-background-enabled":"default","ast-page-background-meta":{"desktop":{"background-color":"var(--ast-global-color-5)","background-image":"","background-repeat":"repeat","background-position":"center center","background-size":"auto","background-attachment":"scroll","background-type":"","background-media":"","overlay-type":"","overlay-color":"","overlay-opacity":"","overlay-gradient":""},"tablet":{"background-color":"","background-image":"","background-repeat":"repeat","background-position":"center center","background-size":"auto","background-attachment":"scroll","background-type":"","background-media":"","overlay-type":"","overlay-color":"","overlay-opacity":"","overlay-gradient":""},"mobile":{"background-color":"","background-image":"","background-repeat":"repeat","background-position":"center center","background-size":"auto","background-attachment":"scroll","background-type":"","background-media":"","overlay-type":"","overlay-color":"","overlay-opacity":"","overlay-gradient":""}},"ast-content-background-meta":{"desktop":{"background-color":"var(--ast-global-color-4)","background-image":"","background-repeat":"repeat","background-position":"center center","background-size":"auto","background-attachment":"scroll","background-type":"","background-media":"","overlay-type":"","overlay-color":"","overlay-opacity":"","overlay-gradient":""},"tablet":{"background-color":"var(--ast-global-color-4)","background-image":"","background-repeat":"repeat","background-position":"center center","background-size":"auto","background-attachment":"scroll","background-type":"","background-media":"","overlay-type":"","overlay-color":"","overlay-opacity":"","overlay-gradient":""},"mobile":{"background-color":"var(--ast-global-color-4)","background-image":"","background-repeat":"repeat","background-position":"center center","background-size":"auto","background-attachment":"scroll","background-type":"","background-media":"","overlay-type":"","overlay-color":"","overlay-opacity":"","overlay-gradient":""}},"footnotes":""},"class_list":["post-2052","page","type-page","status-publish","hentry"],"_links":{"self":[{"href":"https:\/\/feldbahn.org\/index.php?rest_route=\/wp\/v2\/pages\/2052","targetHints":{"allow":["GET"]}}],"collection":[{"href":"https:\/\/feldbahn.org\/index.php?rest_route=\/wp\/v2\/pages"}],"about":[{"href":"https:\/\/feldbahn.org\/index.php?rest_route=\/wp\/v2\/types\/page"}],"author":[{"embeddable":true,"href":"https:\/\/feldbahn.org\/index.php?rest_route=\/wp\/v2\/users\/1"}],"replies":[{"embeddable":true,"href":"https:\/\/feldbahn.org\/index.php?rest_route=%2Fwp%2Fv2%2Fcomments&post=2052"}],"version-history":[{"count":1,"href":"https:\/\/feldbahn.org\/index.php?rest_route=\/wp\/v2\/pages\/2052\/revisions"}],"predecessor-version":[{"id":2053,"href":"https:\/\/feldbahn.org\/index.php?rest_route=\/wp\/v2\/pages\/2052\/revisions\/2053"}],"wp:attachment":[{"href":"https:\/\/feldbahn.org\/index.php?rest_route=%2Fwp%2Fv2%2Fmedia&parent=2052"}],"curies":[{"name":"wp","href":"https:\/\/api.w.org\/{rel}","templated":true}]}}