{"id":2050,"date":"2026-04-29T12:04:25","date_gmt":"2026-04-29T12:04:25","guid":{"rendered":"https:\/\/feldbahn.org\/?page_id=2050"},"modified":"2026-04-29T12:04:25","modified_gmt":"2026-04-29T12:04:25","slug":"im-bundesfreiwilligendienst","status":"publish","type":"page","link":"https:\/\/feldbahn.org\/?page_id=2050","title":{"rendered":"&#8230; im Bundesfreiwilligendienst"},"content":{"rendered":"\n<h2 class=\"wp-block-heading\" id=\"block-67f2c532-80ee-489e-b730-eb8d3998f7a2\">&#8230; im Bundesfreiwilligendienst<\/h2>\n\n\n\n<p id=\"block-61c3a5e7-bdfe-48d0-9849-2bd7a99e7523\">Seit 2013 ist das M\u00fcnsterl\u00e4ndische Feldbahnmuseum e.V. anerkannte Einsatzstelle im Bundesfreiwilligendienst. Seitdem haben zahlreiche junge und \u00e4ltere Menschen einen Bundesfreiwilligendienst bei uns absolviert und (h\u00e4ufig erste) Erfahrungen in handwerklichen T\u00e4tigkeiten im Team erworben.<\/p>\n\n\n\n<ul id=\"block-ccfc789d-d65d-4696-9799-dc6f6ebd91a9\" class=\"wp-block-list\">\n<li>Als junger Mensch suchst nach der Schule Orientierung im Berufsleben und m\u00f6chtest nicht direkt in die Ausbildung oder in ein Studium, sondern zun\u00e4chst praktische Erfahrungen sammeln?<\/li>\n\n\n\n<li>Als \u00e4lteres Semester geh\u00f6ren nicht zum alten Eisen, sondern sind mit ihrer Lebens- und Berufserfahrung wertvolle Gestalter der Zukunft? Mit einem Bundesfreiwilligendienst bietet sich die M\u00f6glichkeit, sich am Ende des Berufslebens, in Altersteilzeit oder im Vorruhestand sinnvoll einzubringen und den \u00dcbergang in den Ruhestand zu gestalten.<\/li>\n<\/ul>\n\n\n\n<p id=\"block-47a74151-b216-4e63-86b1-d52711f488a4\">Die T\u00e4tigkeiten sind vielf\u00e4ltig und umfassen alle Bereiche, die f\u00fcr den Aufbau eines technischen Museums wichtig sind:<\/p>\n\n\n\n<ul id=\"block-463eaf66-59a7-42db-a7c5-ce0f111fc490\" class=\"wp-block-list\">\n<li>Restaurierung und Instandsetzung unserer historischen Feld- und Grubenbahnfahrzeuge<\/li>\n\n\n\n<li>Gleise und Weichen reparieren, bauen und verlegen<\/li>\n\n\n\n<li>Instandsetzungen an unseren Museumsgeb\u00e4uden,- anlagen und -einrichtungen<\/li>\n\n\n\n<li>Pflege unseres 3 ha gro\u00dfen Biotops (Sandmagerrasen, Birke-Eichen-Wald)<\/li>\n\n\n\n<li>Vornehmlich Metall- und Holzbearbeitung, Baut\u00e4tigkeiten, Lackierarbeiten, Landschaftspflege<\/li>\n<\/ul>\n\n\n\n<p id=\"block-b0ed80cc-b275-4406-8ed8-4834fd10af2e\">Der Bundesfreiwilligendienst kann f\u00fcr 6 bis 18 Monate vereinbart werden und wird mit einem sogenannten Taschengeld belohnt. Es besteht ein Anspruch auf Erholungsurlaub und eine Freistellung f\u00fcr 6 bis 25 Seminartage f\u00fcr die pers\u00f6nliche Weiterentwicklung. Dich und Sie erwartet ein abwechslungs- und lehrreiches Aufgabenfeld mit viel Freir\u00e4umen. Wir freuen uns auf Menschen mit Interesse und Freude am Umgang mit historischen Werten. <a href=\"https:\/\/www.bundesfreiwilligendienst.de\/bundesfreiwilligendienst\/platz-einsatzstellensuche\/einsatzstelle-suchen\/15173\">Unser Angebot im Bundesfreiwilligendienst findet hier (bitte klicken).<\/a><\/p>\n\n\n\n<p><\/p>\n\n\n\n<figure class=\"wp-block-image size-full\"><img loading=\"lazy\" decoding=\"async\" width=\"394\" height=\"210\" src=\"https:\/\/feldbahn.org\/wp-content\/uploads\/2026\/04\/BFD_Logo_2021_4C_RZ.jpg\" alt=\"\" class=\"wp-image-724\" srcset=\"https:\/\/feldbahn.org\/wp-content\/uploads\/2026\/04\/BFD_Logo_2021_4C_RZ.jpg 394w, https:\/\/feldbahn.org\/wp-content\/uploads\/2026\/04\/BFD_Logo_2021_4C_RZ-300x160.jpg 300w\" sizes=\"auto, (max-width: 394px) 100vw, 394px\" \/><\/figure>\n","protected":false},"excerpt":{"rendered":"<p>&#8230; im Bundesfreiwilligendienst Seit 2013 ist das M\u00fcnsterl\u00e4ndische Feldbahnmuseum e.V. anerkannte Einsatzstelle im Bundesfreiwilligendienst. Seitdem haben zahlreiche junge und \u00e4ltere [&hellip;]<\/p>\n","protected":false},"author":1,"featured_media":0,"parent":0,"menu_order":0,"comment_status":"closed","ping_status":"closed","template":"","meta":{"site-sidebar-layout":"default","site-content-layout":"","ast-site-content-layout":"default","site-content-style":"default","site-sidebar-style":"default","ast-global-header-display":"","ast-banner-title-visibility":"","ast-main-header-display":"","ast-hfb-above-header-display":"","ast-hfb-below-header-display":"","ast-hfb-mobile-header-display":"","site-post-title":"disabled","ast-breadcrumbs-content":"","ast-featured-img":"","footer-sml-layout":"","ast-disable-related-posts":"","theme-transparent-header-meta":"","adv-header-id-meta":"","stick-header-meta":"","header-above-stick-meta":"","header-main-stick-meta":"","header-below-stick-meta":"","astra-migrate-meta-layouts":"default","ast-page-background-enabled":"default","ast-page-background-meta":{"desktop":{"background-color":"var(--ast-global-color-5)","background-image":"","background-repeat":"repeat","background-position":"center center","background-size":"auto","background-attachment":"scroll","background-type":"","background-media":"","overlay-type":"","overlay-color":"","overlay-opacity":"","overlay-gradient":""},"tablet":{"background-color":"","background-image":"","background-repeat":"repeat","background-position":"center center","background-size":"auto","background-attachment":"scroll","background-type":"","background-media":"","overlay-type":"","overlay-color":"","overlay-opacity":"","overlay-gradient":""},"mobile":{"background-color":"","background-image":"","background-repeat":"repeat","background-position":"center center","background-size":"auto","background-attachment":"scroll","background-type":"","background-media":"","overlay-type":"","overlay-color":"","overlay-opacity":"","overlay-gradient":""}},"ast-content-background-meta":{"desktop":{"background-color":"var(--ast-global-color-4)","background-image":"","background-repeat":"repeat","background-position":"center center","background-size":"auto","background-attachment":"scroll","background-type":"","background-media":"","overlay-type":"","overlay-color":"","overlay-opacity":"","overlay-gradient":""},"tablet":{"background-color":"var(--ast-global-color-4)","background-image":"","background-repeat":"repeat","background-position":"center center","background-size":"auto","background-attachment":"scroll","background-type":"","background-media":"","overlay-type":"","overlay-color":"","overlay-opacity":"","overlay-gradient":""},"mobile":{"background-color":"var(--ast-global-color-4)","background-image":"","background-repeat":"repeat","background-position":"center center","background-size":"auto","background-attachment":"scroll","background-type":"","background-media":"","overlay-type":"","overlay-color":"","overlay-opacity":"","overlay-gradient":""}},"footnotes":""},"class_list":["post-2050","page","type-page","status-publish","hentry"],"_links":{"self":[{"href":"https:\/\/feldbahn.org\/index.php?rest_route=\/wp\/v2\/pages\/2050","targetHints":{"allow":["GET"]}}],"collection":[{"href":"https:\/\/feldbahn.org\/index.php?rest_route=\/wp\/v2\/pages"}],"about":[{"href":"https:\/\/feldbahn.org\/index.php?rest_route=\/wp\/v2\/types\/page"}],"author":[{"embeddable":true,"href":"https:\/\/feldbahn.org\/index.php?rest_route=\/wp\/v2\/users\/1"}],"replies":[{"embeddable":true,"href":"https:\/\/feldbahn.org\/index.php?rest_route=%2Fwp%2Fv2%2Fcomments&post=2050"}],"version-history":[{"count":1,"href":"https:\/\/feldbahn.org\/index.php?rest_route=\/wp\/v2\/pages\/2050\/revisions"}],"predecessor-version":[{"id":2051,"href":"https:\/\/feldbahn.org\/index.php?rest_route=\/wp\/v2\/pages\/2050\/revisions\/2051"}],"wp:attachment":[{"href":"https:\/\/feldbahn.org\/index.php?rest_route=%2Fwp%2Fv2%2Fmedia&parent=2050"}],"curies":[{"name":"wp","href":"https:\/\/api.w.org\/{rel}","templated":true}]}}