{"id":1984,"date":"2026-04-28T15:31:04","date_gmt":"2026-04-28T15:31:04","guid":{"rendered":"https:\/\/feldbahn.org\/?page_id=1984"},"modified":"2026-04-28T15:31:04","modified_gmt":"2026-04-28T15:31:04","slug":"feldbahnen","status":"publish","type":"page","link":"https:\/\/feldbahn.org\/?page_id=1984","title":{"rendered":"Feldbahnen"},"content":{"rendered":"\n<h2 class=\"wp-block-heading\" id=\"block-4822117a-28bf-474d-a4e6-f1fa38d81cae\">Feldbahnen<\/h2>\n\n\n\n<p id=\"block-9776c4e9-8a6f-4d60-8883-38aa88ddda87\">Sie wissen nicht, was Feldbahnen sind?<\/p>\n\n\n\n<p id=\"block-d2dc9286-75e7-4cda-bddb-60863b4b0846\">Nehmen Sie diesen Begriff einfach w\u00f6rtlich: Feld-Bahnen sind <em>Bahnen<\/em>, die mit einfachen Mitteln auf dem <em>Felde<\/em> verlegt werden. Ihren Ursprung fand diese Idee um 1880, als ein franz\u00f6sischer Gutsbesitzer na\u00admens Decauville ein besonders leichtes System von Schmalspurgleisen und -wagen konstruierte. Diese Feldbahn konnte von wenigen Personen von Hand verlegt und betrieben werden. Mit der Feldbahn war Decauville in der Lage, die Ernte wetterunabh\u00e4ngig einzufahren und brauchte sich nach Regenf\u00e4llen nicht mehr \u00fcber verschlammte und f\u00fcr Pferdefuhrwerke unbefahrbare Feldwege zu \u00e4rgern.&nbsp;<\/p>\n\n\n\n<p id=\"block-9a47fb68-2a7e-4854-8382-b94cf3116436\">Diese Idee einer leicht verlegbaren, transportablen Schmalspurbahn fand schnell Verbreitung. Feld\u00adbahnen wurden seitdem gerne dort eingesetzt, wo sich die Anlage einer &#8222;richtigen&#8220; Eisenbahn nicht gelohnt h\u00e4tte, ein Pferdefuhrwerk jedoch \u00fcberfordert war. Allen voran Betriebe mit eigener Rohstofff\u00f6rderung, z.B. Ziegeleien, Steinbr\u00fcche, Torfwerke, Sand- und Kieswerke, bedienten sich der Feldbahnen. Aber auch Materialtransporte auf Gro\u00dfbaustellen und in Fabriken waren verbreitete Einsatzgebiete.<\/p>\n\n\n\n<p id=\"block-0c11af29-4f16-45df-b6d5-52393dd1a5d4\">Im Bergbau unter Tage finden bereits seit rund 400 Jahre eine spurgebundene F\u00f6rderung statt, die als Vorl\u00e4ufer der Feldbahnen bezeichnet werden kann. Hier spricht man eher von Grubenbahnen. H\u00f6lzerne Karren wurden von Menschen anfangs auf h\u00f6lzernen Schienen geschleppt, um die begehrten Erze nach \u00fcber Tage zu bef\u00f6rdern. Die aufkommende Industrialisierung des Bergbaus im 19. Jahrhundert, insbesondere im Ruhrkohlenbergbau, stellte auch einen deutlichen Innovationsmotor f\u00fcr die technische Entwicklung der Feldbahnen und Grubenbahnen dar.<\/p>\n\n\n\n<p id=\"block-60864b5c-6151-412a-b578-ea7c28ddd4fa\">Ihre Bl\u00fctezeit fanden Feldbahnen in den 1920er bis 1950er-Jahren. Die durch den zweiten Weltkrieg forcierte Entwicklung gel\u00e4ndeg\u00e4ngiger Lastkraftwagen und die vermehrte Einf\u00fchrung von F\u00f6rderb\u00e4ndern f\u00fchrten ab den 1950er-Jahren zur Abl\u00f6sung der Feldbahnen. Nur im emsl\u00e4ndischen Torfabbau und im Tunnel- und Stollenbau finden sich gelegentlich noch Feld- und Grubenbahnen im Einsatz.<\/p>\n\n\n\n<figure class=\"wp-block-image size-full\"><img loading=\"lazy\" decoding=\"async\" width=\"1024\" height=\"670\" src=\"https:\/\/feldbahn.org\/wp-content\/uploads\/2026\/04\/Hahnenmoor-1985-05-31-7-1024x670-1.jpg\" alt=\"\" class=\"wp-image-251\" srcset=\"https:\/\/feldbahn.org\/wp-content\/uploads\/2026\/04\/Hahnenmoor-1985-05-31-7-1024x670-1.jpg 1024w, https:\/\/feldbahn.org\/wp-content\/uploads\/2026\/04\/Hahnenmoor-1985-05-31-7-1024x670-1-300x196.jpg 300w, https:\/\/feldbahn.org\/wp-content\/uploads\/2026\/04\/Hahnenmoor-1985-05-31-7-1024x670-1-768x503.jpg 768w\" sizes=\"auto, (max-width: 1024px) 100vw, 1024px\" \/><figcaption class=\"wp-element-caption\"><em>Gleisbauarbeiten im Torfwerk Hahnenmoor bei Herzlake\/ Emsland, 1987<\/em><\/figcaption><\/figure>\n\n\n\n<p><\/p>\n","protected":false},"excerpt":{"rendered":"<p>Feldbahnen Sie wissen nicht, was Feldbahnen sind? Nehmen Sie diesen Begriff einfach w\u00f6rtlich: Feld-Bahnen sind Bahnen, die mit einfachen Mitteln [&hellip;]<\/p>\n","protected":false},"author":1,"featured_media":0,"parent":0,"menu_order":0,"comment_status":"closed","ping_status":"closed","template":"","meta":{"site-sidebar-layout":"default","site-content-layout":"","ast-site-content-layout":"default","site-content-style":"default","site-sidebar-style":"default","ast-global-header-display":"","ast-banner-title-visibility":"","ast-main-header-display":"","ast-hfb-above-header-display":"","ast-hfb-below-header-display":"","ast-hfb-mobile-header-display":"","site-post-title":"disabled","ast-breadcrumbs-content":"","ast-featured-img":"","footer-sml-layout":"","ast-disable-related-posts":"","theme-transparent-header-meta":"","adv-header-id-meta":"","stick-header-meta":"","header-above-stick-meta":"","header-main-stick-meta":"","header-below-stick-meta":"","astra-migrate-meta-layouts":"default","ast-page-background-enabled":"default","ast-page-background-meta":{"desktop":{"background-color":"var(--ast-global-color-5)","background-image":"","background-repeat":"repeat","background-position":"center center","background-size":"auto","background-attachment":"scroll","background-type":"","background-media":"","overlay-type":"","overlay-color":"","overlay-opacity":"","overlay-gradient":""},"tablet":{"background-color":"","background-image":"","background-repeat":"repeat","background-position":"center center","background-size":"auto","background-attachment":"scroll","background-type":"","background-media":"","overlay-type":"","overlay-color":"","overlay-opacity":"","overlay-gradient":""},"mobile":{"background-color":"","background-image":"","background-repeat":"repeat","background-position":"center center","background-size":"auto","background-attachment":"scroll","background-type":"","background-media":"","overlay-type":"","overlay-color":"","overlay-opacity":"","overlay-gradient":""}},"ast-content-background-meta":{"desktop":{"background-color":"var(--ast-global-color-4)","background-image":"","background-repeat":"repeat","background-position":"center center","background-size":"auto","background-attachment":"scroll","background-type":"","background-media":"","overlay-type":"","overlay-color":"","overlay-opacity":"","overlay-gradient":""},"tablet":{"background-color":"var(--ast-global-color-4)","background-image":"","background-repeat":"repeat","background-position":"center center","background-size":"auto","background-attachment":"scroll","background-type":"","background-media":"","overlay-type":"","overlay-color":"","overlay-opacity":"","overlay-gradient":""},"mobile":{"background-color":"var(--ast-global-color-4)","background-image":"","background-repeat":"repeat","background-position":"center center","background-size":"auto","background-attachment":"scroll","background-type":"","background-media":"","overlay-type":"","overlay-color":"","overlay-opacity":"","overlay-gradient":""}},"footnotes":""},"class_list":["post-1984","page","type-page","status-publish","hentry"],"_links":{"self":[{"href":"https:\/\/feldbahn.org\/index.php?rest_route=\/wp\/v2\/pages\/1984","targetHints":{"allow":["GET"]}}],"collection":[{"href":"https:\/\/feldbahn.org\/index.php?rest_route=\/wp\/v2\/pages"}],"about":[{"href":"https:\/\/feldbahn.org\/index.php?rest_route=\/wp\/v2\/types\/page"}],"author":[{"embeddable":true,"href":"https:\/\/feldbahn.org\/index.php?rest_route=\/wp\/v2\/users\/1"}],"replies":[{"embeddable":true,"href":"https:\/\/feldbahn.org\/index.php?rest_route=%2Fwp%2Fv2%2Fcomments&post=1984"}],"version-history":[{"count":1,"href":"https:\/\/feldbahn.org\/index.php?rest_route=\/wp\/v2\/pages\/1984\/revisions"}],"predecessor-version":[{"id":1985,"href":"https:\/\/feldbahn.org\/index.php?rest_route=\/wp\/v2\/pages\/1984\/revisions\/1985"}],"wp:attachment":[{"href":"https:\/\/feldbahn.org\/index.php?rest_route=%2Fwp%2Fv2%2Fmedia&parent=1984"}],"curies":[{"name":"wp","href":"https:\/\/api.w.org\/{rel}","templated":true}]}}