{"id":1971,"date":"2026-04-28T14:25:48","date_gmt":"2026-04-28T14:25:48","guid":{"rendered":"https:\/\/feldbahn.org\/?page_id=1971"},"modified":"2026-04-28T16:01:44","modified_gmt":"2026-04-28T16:01:44","slug":"startseite","status":"publish","type":"page","link":"https:\/\/feldbahn.org\/","title":{"rendered":"Startseite"},"content":{"rendered":"\n<p class=\"has-ast-global-color-4-color has-ast-global-color-1-background-color has-text-color has-background has-link-color wp-elements-10d56c110bd3c02c6919ab80d7531587\">Diese Webseite wird auf Grund eines Serverwechsels aktuell \u00fcberarbeitet. Bitte haben Sie etwas Geduld.<\/p>\n\n\n\n<p class=\"has-large-font-size\">Geschichte in Bewegung &#8230;<\/p>\n\n\n<div id=\"metaslider-id-1963\" style=\"max-width: 400px;\" class=\"ml-slider-3-108-0 metaslider metaslider-flex metaslider-1963 ml-slider ms-theme-default nav-hidden\" role=\"region\" aria-label=\"slider_startpage\" data-height=\"300\" data-width=\"400\">\n    <div id=\"metaslider_container_1963\">\n        <div id=\"metaslider_1963\">\n            <ul aria-live='off' class='slides'>\n                <li style=\"display: block; width: 100%;\" class=\"slide-1964 ms-image \" aria-roledescription=\"slide\" data-date=\"2026-04-28 14:16:52\" data-filename=\"02_Sellmann-1979-09-25-10-scaled-400x300-1.jpg\" data-slide-type=\"image\"><img loading=\"lazy\" decoding=\"async\" src=\"https:\/\/feldbahn.org\/wp-content\/uploads\/2026\/04\/02_Sellmann-1979-09-25-10-scaled-400x300-1.jpg\" height=\"300\" width=\"400\" alt=\"\" class=\"slider-1963 slide-1964 msDefaultImage\" title=\"02_Sellmann-1979-09-25-10-scaled-400x300\" \/><\/li>\n                <li style=\"display: none; width: 100%;\" class=\"slide-1965 ms-image \" aria-roledescription=\"slide\" data-date=\"2026-04-28 14:17:21\" data-filename=\"01_Schuering-1984-08-22-3-scaled-400x300-1.jpg\" data-slide-type=\"image\"><img loading=\"lazy\" decoding=\"async\" src=\"https:\/\/feldbahn.org\/wp-content\/uploads\/2026\/04\/01_Schuering-1984-08-22-3-scaled-400x300-1.jpg\" height=\"300\" width=\"400\" alt=\"\" class=\"slider-1963 slide-1965 msDefaultImage\" title=\"01_Schuering-1984-08-22-3-scaled-400x300\" \/><\/li>\n                <li style=\"display: none; width: 100%;\" class=\"slide-1966 ms-image \" aria-roledescription=\"slide\" data-date=\"2026-04-28 14:17:48\" data-filename=\"03_s033-scaled-400x300-1.jpg\" data-slide-type=\"image\"><img loading=\"lazy\" decoding=\"async\" src=\"https:\/\/feldbahn.org\/wp-content\/uploads\/2026\/04\/03_s033-scaled-400x300-1.jpg\" height=\"300\" width=\"400\" alt=\"\" class=\"slider-1963 slide-1966 msDefaultImage\" title=\"03_s033-scaled-400x300\" \/><\/li>\n                <li style=\"display: none; width: 100%;\" class=\"slide-1967 ms-image \" aria-roledescription=\"slide\" data-date=\"2026-04-28 14:18:38\" data-filename=\"Dinslaken-Lohberg1-400x300-1.jpg\" data-slide-type=\"image\"><img loading=\"lazy\" decoding=\"async\" src=\"https:\/\/feldbahn.org\/wp-content\/uploads\/2026\/04\/Dinslaken-Lohberg1-400x300-1.jpg\" height=\"300\" width=\"400\" alt=\"\" class=\"slider-1963 slide-1967 msDefaultImage\" title=\"EPSON scanner Image\" \/><div class=\"caption-wrap\"><div class=\"caption\">EPSON scanner Image<\/div><\/div><\/li>\n                <li style=\"display: none; width: 100%;\" class=\"slide-1968 ms-image \" aria-roledescription=\"slide\" data-date=\"2026-04-28 14:19:31\" data-filename=\"04_s036-scaled-400x300-1.jpg\" data-slide-type=\"image\"><img loading=\"lazy\" decoding=\"async\" src=\"https:\/\/feldbahn.org\/wp-content\/uploads\/2026\/04\/04_s036-scaled-400x300-1.jpg\" height=\"300\" width=\"400\" alt=\"\" class=\"slider-1963 slide-1968 msDefaultImage\" title=\"04_s036-scaled-400x300\" \/><\/li>\n                <li style=\"display: none; width: 100%;\" class=\"slide-1969 ms-image \" aria-roledescription=\"slide\" data-date=\"2026-04-28 14:19:59\" data-filename=\"Neuenkirchen-Sellmann-400x300-1.jpg\" data-slide-type=\"image\"><img loading=\"lazy\" decoding=\"async\" src=\"https:\/\/feldbahn.org\/wp-content\/uploads\/2026\/04\/Neuenkirchen-Sellmann-400x300-1.jpg\" height=\"300\" width=\"400\" alt=\"\" class=\"slider-1963 slide-1969 msDefaultImage\" title=\"Neuenkirchen-Sellmann-400x300\" \/><\/li>\n                <li style=\"display: none; width: 100%;\" class=\"slide-1970 ms-image \" aria-roledescription=\"slide\" data-date=\"2026-04-28 14:21:30\" data-filename=\"A1-Gescher-Schuering211-400x300-1.jpg\" data-slide-type=\"image\"><img loading=\"lazy\" decoding=\"async\" src=\"https:\/\/feldbahn.org\/wp-content\/uploads\/2026\/04\/A1-Gescher-Schuering211-400x300-1.jpg\" height=\"300\" width=\"400\" alt=\"\" class=\"slider-1963 slide-1970 msDefaultImage\" title=\"A1-Gescher-Schuering211-400x300\" \/><\/li>\n            <\/ul>\n        <\/div>\n        \n    <\/div>\n<\/div>\n\n\n\n<p><br>M\u00fcnsterl\u00e4ndisches Feldbahnmuseum e.V.<br>Georg-Elser-Ring 60<br>48432 Rheine-Gellendorf<br>Email: <a href=\"mailto:feldbahn@web.de\" data-type=\"mailto\" data-id=\"mailto:feldbahn@web.de\">feldbahn@web.de<\/a><\/p>\n\n\n\n<p>Gemeinn\u00fctzig im Sinne der \u00a7\u00a7 51 ff. AO<\/p>\n\n\n\n<p>Das M\u00fcnsterl\u00e4ndische Feldbahnmuseum e.V. ist im Aufbau begriffen. Derzeit k\u00f6nnen wir keine regelm\u00e4\u00dfigen \u00d6ffnungszeiten anbieten. <br>Nach vorheriger Terminabsprache auf <a href=\"mailto:feldbahn@web.de\" data-type=\"mailto\" data-id=\"mailto:feldbahn@web.de\">feldbahn@web.de<\/a> \u00f6ffnen wir gerne f\u00fcr sie.<br><\/p>\n","protected":false},"excerpt":{"rendered":"<p>Diese Webseite wird auf Grund eines Serverwechsels aktuell \u00fcberarbeitet. Bitte haben Sie etwas Geduld. Geschichte in Bewegung &#8230; M\u00fcnsterl\u00e4ndisches Feldbahnmuseum [&hellip;]<\/p>\n","protected":false},"author":1,"featured_media":0,"parent":0,"menu_order":0,"comment_status":"closed","ping_status":"closed","template":"","meta":{"site-sidebar-layout":"default","site-content-layout":"","ast-site-content-layout":"default","site-content-style":"default","site-sidebar-style":"default","ast-global-header-display":"","ast-banner-title-visibility":"","ast-main-header-display":"","ast-hfb-above-header-display":"","ast-hfb-below-header-display":"","ast-hfb-mobile-header-display":"","site-post-title":"disabled","ast-breadcrumbs-content":"","ast-featured-img":"","footer-sml-layout":"","ast-disable-related-posts":"","theme-transparent-header-meta":"","adv-header-id-meta":"","stick-header-meta":"","header-above-stick-meta":"","header-main-stick-meta":"","header-below-stick-meta":"","astra-migrate-meta-layouts":"default","ast-page-background-enabled":"default","ast-page-background-meta":{"desktop":{"background-color":"var(--ast-global-color-5)","background-image":"","background-repeat":"repeat","background-position":"center center","background-size":"auto","background-attachment":"scroll","background-type":"","background-media":"","overlay-type":"","overlay-color":"","overlay-opacity":"","overlay-gradient":""},"tablet":{"background-color":"","background-image":"","background-repeat":"repeat","background-position":"center center","background-size":"auto","background-attachment":"scroll","background-type":"","background-media":"","overlay-type":"","overlay-color":"","overlay-opacity":"","overlay-gradient":""},"mobile":{"background-color":"","background-image":"","background-repeat":"repeat","background-position":"center center","background-size":"auto","background-attachment":"scroll","background-type":"","background-media":"","overlay-type":"","overlay-color":"","overlay-opacity":"","overlay-gradient":""}},"ast-content-background-meta":{"desktop":{"background-color":"var(--ast-global-color-4)","background-image":"","background-repeat":"repeat","background-position":"center center","background-size":"auto","background-attachment":"scroll","background-type":"","background-media":"","overlay-type":"","overlay-color":"","overlay-opacity":"","overlay-gradient":""},"tablet":{"background-color":"var(--ast-global-color-4)","background-image":"","background-repeat":"repeat","background-position":"center center","background-size":"auto","background-attachment":"scroll","background-type":"","background-media":"","overlay-type":"","overlay-color":"","overlay-opacity":"","overlay-gradient":""},"mobile":{"background-color":"var(--ast-global-color-4)","background-image":"","background-repeat":"repeat","background-position":"center center","background-size":"auto","background-attachment":"scroll","background-type":"","background-media":"","overlay-type":"","overlay-color":"","overlay-opacity":"","overlay-gradient":""}},"footnotes":""},"class_list":["post-1971","page","type-page","status-publish","hentry"],"_links":{"self":[{"href":"https:\/\/feldbahn.org\/index.php?rest_route=\/wp\/v2\/pages\/1971","targetHints":{"allow":["GET"]}}],"collection":[{"href":"https:\/\/feldbahn.org\/index.php?rest_route=\/wp\/v2\/pages"}],"about":[{"href":"https:\/\/feldbahn.org\/index.php?rest_route=\/wp\/v2\/types\/page"}],"author":[{"embeddable":true,"href":"https:\/\/feldbahn.org\/index.php?rest_route=\/wp\/v2\/users\/1"}],"replies":[{"embeddable":true,"href":"https:\/\/feldbahn.org\/index.php?rest_route=%2Fwp%2Fv2%2Fcomments&post=1971"}],"version-history":[{"count":4,"href":"https:\/\/feldbahn.org\/index.php?rest_route=\/wp\/v2\/pages\/1971\/revisions"}],"predecessor-version":[{"id":1992,"href":"https:\/\/feldbahn.org\/index.php?rest_route=\/wp\/v2\/pages\/1971\/revisions\/1992"}],"wp:attachment":[{"href":"https:\/\/feldbahn.org\/index.php?rest_route=%2Fwp%2Fv2%2Fmedia&parent=1971"}],"curies":[{"name":"wp","href":"https:\/\/api.w.org\/{rel}","templated":true}]}}